{"id":308,"date":"2020-07-16T16:48:41","date_gmt":"2020-07-16T16:48:41","guid":{"rendered":"https:\/\/www.setecson.com\/en\/?page_id=308"},"modified":"2020-07-28T15:10:35","modified_gmt":"2020-07-28T15:10:35","slug":"water-treatment","status":"publish","type":"page","link":"https:\/\/www.setecson.com\/en\/water-treatment\/","title":{"rendered":"Water Treatment"},"content":{"rendered":"<p>[et_pb_section fb_built=&#8221;1&#8243; fullwidth=&#8221;on&#8221; _builder_version=&#8221;4.5.0&#8243; _module_preset=&#8221;c8b7789b-635d-41eb-b7be-6b1765cc245c&#8221;][et_pb_fullwidth_header title=&#8221;Water Treatment&#8221; _builder_version=&#8221;4.5.0&#8243; _module_preset=&#8221;5b65bba3-6a1f-42f5-a044-0e10115956bc&#8221;][\/et_pb_fullwidth_header][\/et_pb_section][et_pb_section fb_built=&#8221;1&#8243; _builder_version=&#8221;4.4.8&#8243; _module_preset=&#8221;default&#8221; custom_padding=&#8221;||0px|||&#8221; collapsed=&#8221;off&#8221;][et_pb_row _builder_version=&#8221;4.5.0&#8243; _module_preset=&#8221;93640078-99a2-4787-ad7a-7076caeb5587&#8243; custom_padding=&#8221;||0px|||&#8221; animation_style=&#8221;fade&#8221;][et_pb_column type=&#8221;4_4&#8243; _builder_version=&#8221;4.4.8&#8243; _module_preset=&#8221;default&#8221;][et_pb_text admin_label=&#8221;Ofrecemos&#8221; _builder_version=&#8221;4.5.0&#8243; _module_preset=&#8221;default&#8221; text_orientation=&#8221;justified&#8221; hover_enabled=&#8221;0&#8243;]<\/p>\n<p style=\"text-align: left;\"><strong>SETECSON<\/strong> offers you global solutions in the field of industrial water treatment: it carries out a study for each project to adjust the client&#8217;s needs, and thus offer the best solution for the treatment of its waters.<\/p>\n<p style=\"text-align: left;\">From the study we manufacture the equipment to suit you, supplying the necessary elements for its optimal operation and we advise you on the chemical products to use.<\/p>\n<p style=\"text-align: center;\">\u200b<\/p>\n<p>[\/et_pb_text][et_pb_divider _builder_version=&#8221;4.4.8&#8243; _module_preset=&#8221;default&#8221;][\/et_pb_divider][\/et_pb_column][\/et_pb_row][et_pb_row column_structure=&#8221;1_3,2_3&#8243; make_equal=&#8221;on&#8221; admin_label=&#8221;Equipo de agua desmineralizaci\u00f3n&#8221; _builder_version=&#8221;4.5.0&#8243; _module_preset=&#8221;93640078-99a2-4787-ad7a-7076caeb5587&#8243; custom_padding=&#8221;|20px||20px|false|false&#8221; animation_style=&#8221;fade&#8221; box_shadow_style=&#8221;preset2&#8243; collapsed=&#8221;off&#8221;][et_pb_column type=&#8221;1_3&#8243; _builder_version=&#8221;4.4.8&#8243; _module_preset=&#8221;default&#8221;][et_pb_image src=&#8221;https:\/\/www.setecson.com\/en\/wp-content\/uploads\/sites\/3\/2020\/07\/Equipo-de-agua-desmineralizaci\u00f3n-1.jpg&#8221; admin_label=&#8221;Imagen Equipo de agua desmineralizaci\u00f3n&#8221; _builder_version=&#8221;4.5.0&#8243; _module_preset=&#8221;default&#8221; box_shadow_style=&#8221;preset2&#8243;][\/et_pb_image][\/et_pb_column][et_pb_column type=&#8221;2_3&#8243; _builder_version=&#8221;4.4.8&#8243; _module_preset=&#8221;default&#8221; custom_css_main_element=&#8221;display: flex;|| flex-direction: column;|| justify-content: center;&#8221;][et_pb_blurb title=&#8221;Demineralization water equipment&#8221; use_icon=&#8221;on&#8221; font_icon=&#8221;%%79%%&#8221; icon_placement=&#8221;left&#8221; admin_label=&#8221;Equipo de agua desmineralizaci\u00f3n&#8221; _builder_version=&#8221;4.5.0&#8243; _module_preset=&#8221;default&#8221;][\/et_pb_blurb][\/et_pb_column][\/et_pb_row][et_pb_row column_structure=&#8221;1_3,2_3&#8243; make_equal=&#8221;on&#8221; admin_label=&#8221;Tratamiento de agua para central t\u00e9rmica &#8221; _builder_version=&#8221;4.5.0&#8243; _module_preset=&#8221;93640078-99a2-4787-ad7a-7076caeb5587&#8243; background_color=&#8221;#eaeaea&#8221; custom_padding=&#8221;|20px||20px|false|false&#8221; animation_style=&#8221;fade&#8221; box_shadow_style=&#8221;preset2&#8243; collapsed=&#8221;on&#8221;][et_pb_column type=&#8221;1_3&#8243; _builder_version=&#8221;4.4.8&#8243; _module_preset=&#8221;default&#8221;][et_pb_image src=&#8221;https:\/\/www.setecson.com\/en\/wp-content\/uploads\/sites\/3\/2020\/07\/CentralTermica-1.jpg&#8221; admin_label=&#8221;Imagen Tratamiento de agua para central t\u00e9rmica o equipamiento de esterilizaci\u00f3n&#8221; _builder_version=&#8221;4.5.0&#8243; _module_preset=&#8221;default&#8221; box_shadow_style=&#8221;preset2&#8243;][\/et_pb_image][\/et_pb_column][et_pb_column type=&#8221;2_3&#8243; _builder_version=&#8221;4.4.8&#8243; _module_preset=&#8221;default&#8221; custom_css_main_element=&#8221;display: flex;|| flex-direction: column;|| justify-content: center;&#8221;][et_pb_blurb title=&#8221;Water treatment for thermal power station or sterilization equipment&#8221; use_icon=&#8221;on&#8221; font_icon=&#8221;%%79%%&#8221; icon_placement=&#8221;left&#8221; admin_label=&#8221;Tratamiento de agua para central t\u00e9rmica o equipamiento de esterilizaci\u00f3n&#8221; _builder_version=&#8221;4.5.0&#8243; _module_preset=&#8221;default&#8221;][\/et_pb_blurb][\/et_pb_column][\/et_pb_row][et_pb_row column_structure=&#8221;1_3,2_3&#8243; make_equal=&#8221;on&#8221; admin_label=&#8221;Descalcificadores de calderas&#8221; _builder_version=&#8221;4.5.0&#8243; _module_preset=&#8221;93640078-99a2-4787-ad7a-7076caeb5587&#8243; custom_padding=&#8221;|20px||20px|false|false&#8221; animation_style=&#8221;fade&#8221; box_shadow_style=&#8221;preset2&#8243; collapsed=&#8221;off&#8221;][et_pb_column type=&#8221;1_3&#8243; _builder_version=&#8221;4.4.8&#8243; _module_preset=&#8221;default&#8221;][et_pb_image src=&#8221;https:\/\/www.setecson.com\/en\/wp-content\/uploads\/sites\/3\/2020\/07\/Descalcificadores-de-calderas-scaled-1.jpg&#8221; admin_label=&#8221;Imagen Descalcificadores&#8221; _builder_version=&#8221;4.5.0&#8243; _module_preset=&#8221;default&#8221; box_shadow_style=&#8221;preset2&#8243;][\/et_pb_image][\/et_pb_column][et_pb_column type=&#8221;2_3&#8243; _builder_version=&#8221;4.4.8&#8243; _module_preset=&#8221;default&#8221; custom_css_main_element=&#8221;display: flex;|| flex-direction: column;|| justify-content: center;&#8221;][et_pb_blurb title=&#8221;Water treatment for thermal power station or sterilization equipment &#8221; use_icon=&#8221;on&#8221; font_icon=&#8221;%%79%%&#8221; icon_placement=&#8221;left&#8221; admin_label=&#8221;Descalcificadores de calderas&#8221; _builder_version=&#8221;4.5.0&#8243; _module_preset=&#8221;default&#8221;][\/et_pb_blurb][\/et_pb_column][\/et_pb_row][et_pb_row column_structure=&#8221;1_3,2_3&#8243; make_equal=&#8221;on&#8221; admin_label=&#8221;Agua osmotizada&#8221; _builder_version=&#8221;4.5.0&#8243; _module_preset=&#8221;93640078-99a2-4787-ad7a-7076caeb5587&#8243; background_color=&#8221;#eaeaea&#8221; custom_padding=&#8221;|20px||20px|false|false&#8221; animation_style=&#8221;fade&#8221; box_shadow_style=&#8221;preset2&#8243; collapsed=&#8221;off&#8221;][et_pb_column type=&#8221;1_3&#8243; _builder_version=&#8221;4.4.8&#8243; _module_preset=&#8221;default&#8221;][et_pb_image src=&#8221;https:\/\/www.setecson.com\/en\/wp-content\/uploads\/sites\/3\/2020\/07\/Agua-osmotizada.jpg&#8221; admin_label=&#8221;Imagen Agua osmotizada&#8221; _builder_version=&#8221;4.5.0&#8243; _module_preset=&#8221;default&#8221; box_shadow_style=&#8221;preset2&#8243;][\/et_pb_image][\/et_pb_column][et_pb_column type=&#8221;2_3&#8243; _builder_version=&#8221;4.4.8&#8243; _module_preset=&#8221;default&#8221; custom_css_main_element=&#8221;display: flex;|| flex-direction: column;|| justify-content: center;&#8221;][et_pb_blurb title=&#8221;Desalinated water &#8221; use_icon=&#8221;on&#8221; font_icon=&#8221;%%79%%&#8221; icon_placement=&#8221;left&#8221; admin_label=&#8221;Agua osmotizada&#8221; _builder_version=&#8221;4.5.0&#8243; _module_preset=&#8221;default&#8221;][\/et_pb_blurb][\/et_pb_column][\/et_pb_row][et_pb_row column_structure=&#8221;1_3,2_3&#8243; make_equal=&#8221;on&#8221; admin_label=&#8221;Desinfecci\u00f3n de agua en l\u00ednea&#8221; _builder_version=&#8221;4.5.0&#8243; _module_preset=&#8221;93640078-99a2-4787-ad7a-7076caeb5587&#8243; custom_padding=&#8221;|20px||20px|false|false&#8221; animation_style=&#8221;fade&#8221; box_shadow_style=&#8221;preset2&#8243; collapsed=&#8221;off&#8221;][et_pb_column type=&#8221;1_3&#8243; _builder_version=&#8221;4.4.8&#8243; _module_preset=&#8221;default&#8221;][et_pb_image src=&#8221;https:\/\/www.setecson.com\/en\/wp-content\/uploads\/sites\/3\/2020\/07\/Desinfecci\u00f3n-agua-en-linea-scaled-1.jpg&#8221; admin_label=&#8221;Imagen Desinfecci\u00f3n de agua en l\u00ednea&#8221; _builder_version=&#8221;4.5.0&#8243; _module_preset=&#8221;default&#8221; box_shadow_style=&#8221;preset2&#8243;][\/et_pb_image][\/et_pb_column][et_pb_column type=&#8221;2_3&#8243; _builder_version=&#8221;4.4.8&#8243; _module_preset=&#8221;default&#8221; custom_css_main_element=&#8221;display: flex;|| flex-direction: column;|| justify-content: center;&#8221;][et_pb_blurb title=&#8221;In-line water disinfection&#8221; use_icon=&#8221;on&#8221; font_icon=&#8221;%%79%%&#8221; icon_placement=&#8221;left&#8221; admin_label=&#8221;Desinfecci\u00f3n de agua en l\u00ednea&#8221; _builder_version=&#8221;4.5.0&#8243; _module_preset=&#8221;default&#8221;][\/et_pb_blurb][\/et_pb_column][\/et_pb_row][et_pb_row column_structure=&#8221;1_3,2_3&#8243; make_equal=&#8221;on&#8221; admin_label=&#8221;Osmosis inversa para hemodialisis&#8221; _builder_version=&#8221;4.5.0&#8243; _module_preset=&#8221;93640078-99a2-4787-ad7a-7076caeb5587&#8243; background_color=&#8221;#eaeaea&#8221; custom_padding=&#8221;|20px||20px|false|false&#8221; animation_style=&#8221;fade&#8221; box_shadow_style=&#8221;preset2&#8243; collapsed=&#8221;off&#8221;][et_pb_column type=&#8221;1_3&#8243; _builder_version=&#8221;4.4.8&#8243; _module_preset=&#8221;default&#8221;][et_pb_image src=&#8221;https:\/\/www.setecson.com\/en\/wp-content\/uploads\/sites\/3\/2020\/07\/Osmosis-inversa-para-hemodi\u00e1lisis.jpg&#8221; admin_label=&#8221;Imagen Equipo de agua desmineralizaci\u00f3n&#8221; _builder_version=&#8221;4.5.0&#8243; _module_preset=&#8221;default&#8221; box_shadow_style=&#8221;preset2&#8243;][\/et_pb_image][\/et_pb_column][et_pb_column type=&#8221;2_3&#8243; _builder_version=&#8221;4.4.8&#8243; _module_preset=&#8221;default&#8221; custom_css_main_element=&#8221;display: flex;|| flex-direction: column;|| justify-content: center;&#8221;][et_pb_blurb title=&#8221;Reverse osmosis for hemodialysis&#8221; use_icon=&#8221;on&#8221; font_icon=&#8221;%%79%%&#8221; icon_placement=&#8221;left&#8221; admin_label=&#8221;Osmosis inversa para hemodialisis&#8221; _builder_version=&#8221;4.5.0&#8243; _module_preset=&#8221;default&#8221; text_orientation=&#8221;center&#8221;][\/et_pb_blurb][\/et_pb_column][\/et_pb_row][et_pb_row _builder_version=&#8221;4.5.0&#8243; _module_preset=&#8221;default&#8221;][et_pb_column type=&#8221;4_4&#8243; _builder_version=&#8221;4.5.0&#8243; _module_preset=&#8221;default&#8221;][et_pb_divider _builder_version=&#8221;4.5.0&#8243; _module_preset=&#8221;default&#8221;][\/et_pb_divider][\/et_pb_column][\/et_pb_row][\/et_pb_section][et_pb_section fb_built=&#8221;1&#8243; _builder_version=&#8221;4.5.0&#8243; _module_preset=&#8221;default&#8221;][et_pb_row _builder_version=&#8221;4.5.0&#8243; _module_preset=&#8221;6aa721da-f09a-4ed2-a2e8-819112f36b37&#8243;][et_pb_column type=&#8221;4_4&#8243; _builder_version=&#8221;4.5.0&#8243; _module_preset=&#8221;default&#8221;][et_pb_cta title=&#8221;Contact us&#8221; button_url=&#8221;https:\/\/www.setecson.com\/en\/contact\/&#8221; button_text=&#8221;Form&#8221; admin_label=&#8221;Contacto&#8221; _builder_version=&#8221;4.5.0&#8243; _module_preset=&#8221;9165ef0f-9393-4658-a824-5e9fb355e164&#8243;]<\/p>\n<h3 style=\"text-align: center;\">For further information<\/h3>\n<p>[\/et_pb_cta][\/et_pb_column][\/et_pb_row][\/et_pb_section]<\/p>\n","protected":false},"excerpt":{"rendered":"<p>[et_pb_section fb_built=&#8221;1&#8243; fullwidth=&#8221;on&#8221; _builder_version=&#8221;4.5.0&#8243; _module_preset=&#8221;c8b7789b-635d-41eb-b7be-6b1765cc245c&#8221;][et_pb_fullwidth_header title=&#8221;Water Treatment&#8221; _builder_version=&#8221;4.5.0&#8243; _module_preset=&#8221;5b65bba3-6a1f-42f5-a044-0e10115956bc&#8221;][\/et_pb_fullwidth_header][\/et_pb_section][et_pb_section fb_built=&#8221;1&#8243; _builder_version=&#8221;4.4.8&#8243; _module_preset=&#8221;default&#8221; custom_padding=&#8221;||0px|||&#8221; collapsed=&#8221;off&#8221;][et_pb_row _builder_version=&#8221;4.5.0&#8243; _module_preset=&#8221;93640078-99a2-4787-ad7a-7076caeb5587&#8243; custom_padding=&#8221;||0px|||&#8221; animation_style=&#8221;fade&#8221;][et_pb_column type=&#8221;4_4&#8243; _builder_version=&#8221;4.4.8&#8243; _module_preset=&#8221;default&#8221;][et_pb_text admin_label=&#8221;Ofrecemos&#8221; _builder_version=&#8221;4.5.0&#8243; _module_preset=&#8221;default&#8221; text_orientation=&#8221;justified&#8221; hover_enabled=&#8221;0&#8243;] SETECSON offers you global solutions in the field of industrial water treatment: it carries out a study for each project to adjust the client&#8217;s needs, and thus offer the [&hellip;]<\/p>\n","protected":false},"author":1,"featured_media":0,"parent":0,"menu_order":0,"comment_status":"closed","ping_status":"closed","template":"","meta":{"_et_pb_use_builder":"on","_et_pb_old_content":"","_et_gb_content_width":"","footnotes":""},"class_list":["post-308","page","type-page","status-publish","hentry"],"_links":{"self":[{"href":"https:\/\/www.setecson.com\/en\/wp-json\/wp\/v2\/pages\/308","targetHints":{"allow":["GET"]}}],"collection":[{"href":"https:\/\/www.setecson.com\/en\/wp-json\/wp\/v2\/pages"}],"about":[{"href":"https:\/\/www.setecson.com\/en\/wp-json\/wp\/v2\/types\/page"}],"author":[{"embeddable":true,"href":"https:\/\/www.setecson.com\/en\/wp-json\/wp\/v2\/users\/1"}],"replies":[{"embeddable":true,"href":"https:\/\/www.setecson.com\/en\/wp-json\/wp\/v2\/comments?post=308"}],"version-history":[{"count":11,"href":"https:\/\/www.setecson.com\/en\/wp-json\/wp\/v2\/pages\/308\/revisions"}],"predecessor-version":[{"id":736,"href":"https:\/\/www.setecson.com\/en\/wp-json\/wp\/v2\/pages\/308\/revisions\/736"}],"wp:attachment":[{"href":"https:\/\/www.setecson.com\/en\/wp-json\/wp\/v2\/media?parent=308"}],"curies":[{"name":"wp","href":"https:\/\/api.w.org\/{rel}","templated":true}]}}