{"id":192,"date":"2020-07-16T15:09:26","date_gmt":"2020-07-16T15:09:26","guid":{"rendered":"https:\/\/www.setecson.com\/en\/?page_id=192"},"modified":"2020-07-24T05:55:13","modified_gmt":"2020-07-24T05:55:13","slug":"lines-assembly","status":"publish","type":"page","link":"https:\/\/www.setecson.com\/en\/lines-assembly\/","title":{"rendered":"Lines assembly"},"content":{"rendered":"<p>[et_pb_section fb_built=&#8221;1&#8243; fullwidth=&#8221;on&#8221; _builder_version=&#8221;4.4.8&#8243; _module_preset=&#8221;default&#8221; custom_margin=&#8221;15px||||false|false&#8221; bottom_divider_style=&#8221;arrow2&#8243; bottom_divider_color=&#8221;#ffffff&#8221; bottom_divider_height=&#8221;56px&#8221;][et_pb_fullwidth_header title=&#8221;Lines assembly&#8221; text_orientation=&#8221;center&#8221; disabled_on=&#8221;off|off|off&#8221; admin_label=&#8221;T\u00edtulo de anchura completa Montaje de L\u00edneas&#8221; _builder_version=&#8221;4.5.0&#8243; _module_preset=&#8221;default&#8221; text_shadow_style=&#8221;preset2&#8243;][\/et_pb_fullwidth_header][\/et_pb_section][et_pb_section fb_built=&#8221;1&#8243; fullwidth=&#8221;on&#8221; _builder_version=&#8221;4.5.0&#8243; _module_preset=&#8221;default&#8221; animation_style=&#8221;fade&#8221;][et_pb_fullwidth_slider _builder_version=&#8221;4.5.0&#8243; _module_preset=&#8221;default&#8221; custom_margin=&#8221;5px||||false|false&#8221; animation_style=&#8221;fade&#8221; box_shadow_style=&#8221;preset6&#8243;][et_pb_slide heading=&#8221;Solutions adapted to customer needs&#8221; use_text_overlay=&#8221;on&#8221; _builder_version=&#8221;4.5.0&#8243; _module_preset=&#8221;default&#8221; background_enable_color=&#8221;off&#8221; background_image=&#8221;https:\/\/www.setecson.com\/en\/wp-content\/uploads\/sites\/3\/2020\/07\/MontaseLineas01.jpg&#8221; background_enable_image=&#8221;on&#8221;][\/et_pb_slide][et_pb_slide heading=&#8221;We prioritize safety and cost savings&#8221; use_text_overlay=&#8221;on&#8221; _builder_version=&#8221;4.5.0&#8243; _module_preset=&#8221;default&#8221; background_enable_color=&#8221;off&#8221; background_image=&#8221;https:\/\/www.setecson.com\/en\/wp-content\/uploads\/sites\/3\/2020\/07\/MontaseLineas02.jpg&#8221;][\/et_pb_slide][et_pb_slide heading=&#8221;Optimization for high productivity&#8221; use_text_overlay=&#8221;on&#8221; _builder_version=&#8221;4.5.0&#8243; _module_preset=&#8221;default&#8221; background_enable_color=&#8221;off&#8221; background_image=&#8221;https:\/\/www.setecson.com\/en\/wp-content\/uploads\/sites\/3\/2020\/07\/MontaseLineas03.jpg&#8221;][\/et_pb_slide][et_pb_slide heading=&#8221;Reliability and long life cycle&#8221; use_text_overlay=&#8221;on&#8221; heading_last_edited=&#8221;off|desktop&#8221; _builder_version=&#8221;4.5.0&#8243; _module_preset=&#8221;default&#8221; background_enable_color=&#8221;off&#8221; background_image=&#8221;https:\/\/www.setecson.com\/en\/wp-content\/uploads\/sites\/3\/2020\/07\/MontaseLineas04.jpg&#8221;][\/et_pb_slide][et_pb_slide heading=&#8221;Focused on maintenance and repair savings&#8221; use_text_overlay=&#8221;on&#8221; _builder_version=&#8221;4.5.0&#8243; _module_preset=&#8221;default&#8221; background_enable_color=&#8221;off&#8221; background_image=&#8221;https:\/\/www.setecson.com\/en\/wp-content\/uploads\/sites\/3\/2020\/07\/MontaseLineas05.jpg&#8221;][\/et_pb_slide][et_pb_slide heading=&#8221;High quality finishes and demand for many industrial sectors&#8221; _builder_version=&#8221;4.5.0&#8243; _module_preset=&#8221;default&#8221; background_enable_color=&#8221;off&#8221; background_image=&#8221;https:\/\/www.setecson.com\/en\/wp-content\/uploads\/sites\/3\/2020\/07\/MontaseLineas06.jpg&#8221;][\/et_pb_slide][et_pb_slide heading=&#8221;Extensive experience and reliability as guarantees&#8221; _builder_version=&#8221;4.5.0&#8243; _module_preset=&#8221;default&#8221; background_enable_color=&#8221;off&#8221; background_image=&#8221;https:\/\/www.setecson.com\/en\/wp-content\/uploads\/sites\/3\/2020\/07\/MontaseLineas08.jpg&#8221;][\/et_pb_slide][et_pb_slide heading=&#8221;We are characterized by our strong focus on R+D+I and a constant concern for reducing environmental impact&#8221; _builder_version=&#8221;4.5.0&#8243; _module_preset=&#8221;default&#8221; background_enable_color=&#8221;off&#8221; background_image=&#8221;https:\/\/www.setecson.com\/en\/wp-content\/uploads\/sites\/3\/2020\/07\/MontaseLineas09.jpg&#8221;][\/et_pb_slide][et_pb_slide heading=&#8221;Backed by our years of experience in the sector&#8221; _builder_version=&#8221;4.5.0&#8243; _module_preset=&#8221;default&#8221; background_enable_color=&#8221;off&#8221; background_image=&#8221;https:\/\/www.setecson.com\/en\/wp-content\/uploads\/sites\/3\/2020\/07\/MontaseLineas10.jpg&#8221;][\/et_pb_slide][\/et_pb_fullwidth_slider][\/et_pb_section][et_pb_section fb_built=&#8221;1&#8243; _builder_version=&#8221;4.4.8&#8243; _module_preset=&#8221;default&#8221; custom_padding=&#8221;||0px|||&#8221; collapsed=&#8221;off&#8221;][et_pb_row _builder_version=&#8221;4.5.0&#8243; _module_preset=&#8221;03af288c-c782-42a3-8ea0-badef927c1ac&#8221; custom_padding=&#8221;||0px|||&#8221; animation_style=&#8221;fade&#8221;][et_pb_column type=&#8221;4_4&#8243; _builder_version=&#8221;4.4.8&#8243; _module_preset=&#8221;default&#8221;][et_pb_text admin_label=&#8221;Ofrecemos&#8221; _builder_version=&#8221;4.5.0&#8243; _module_preset=&#8221;default&#8221; text_orientation=&#8221;justified&#8221;]<\/p>\n<p>\u200b<strong>SETECSON<\/strong> offers a wide range of assembly solutions for the construction of customized lines according to the requirements of each client: we have a solid structure, effective working methods and the ability to offer a good project service.<\/p>\n<p>Each line is adjusted and configured according to the client&#8217;s needs: we offer to cover the demand for services for the assembly of lines, machinery, offering an <em>INTEGRAL<\/em> service to avoid our clients having to resort to several companies for the works and projects of its industrial machinery facilities, preventing projects from slowing down a lot due to the slow coordination between different companies in the same project.<\/p>\n<p>This <em>INTEGRAL<\/em> service ranges from the study to the installation of the different tank systems for the different galvanic baths (degreasing, nickel, copper, chrome, gold, rinsing, etc.) in any material (titanium, <span>pvdf<\/span>, pp, pvc, iron, steel stainless, polyester, etc.) with its corresponding accessories (agitation and cooling coils, heaters, barge, movement motors, drums, racks, etc.).<\/p>\n<p>[\/et_pb_text][et_pb_divider _builder_version=&#8221;4.4.8&#8243; _module_preset=&#8221;default&#8221;][\/et_pb_divider][\/et_pb_column][\/et_pb_row][et_pb_row admin_label=&#8221;Soluciones Llave en Mano&#8221; _builder_version=&#8221;4.5.0&#8243; _module_preset=&#8221;250c813b-b2a7-4a68-90e9-05e84337b583&#8243; locked=&#8221;off&#8221; collapsed=&#8221;off&#8221;][et_pb_column type=&#8221;4_4&#8243; _builder_version=&#8221;4.4.9&#8243; _module_preset=&#8221;default&#8221;][et_pb_text _builder_version=&#8221;4.5.0&#8243; _module_preset=&#8221;default&#8221; animation_style=&#8221;slide&#8221; scroll_horizontal_motion=&#8221;0|50|50|100|10|0|-4&#8243;]<\/p>\n<h1 style=\"text-align: center;\">Turnkey solutions<\/h1>\n<p>[\/et_pb_text][\/et_pb_column][\/et_pb_row][et_pb_row column_structure=&#8221;1_4,1_4,1_4,1_4&#8243; admin_label=&#8221;Anuncios Llave en Mano&#8221; _builder_version=&#8221;4.5.0&#8243; _module_preset=&#8221;bccd9476-4cef-45a5-a080-a18e15ad01e5&#8243; locked=&#8221;off&#8221; collapsed=&#8221;off&#8221;][et_pb_column type=&#8221;1_4&#8243; _builder_version=&#8221;4.4.9&#8243; _module_preset=&#8221;default&#8221;][et_pb_blurb title=&#8221;DESIGN&#8221; use_icon=&#8221;on&#8221; font_icon=&#8221;%%103%%&#8221; icon_placement=&#8221;left&#8221; _builder_version=&#8221;4.5.0&#8243; _module_preset=&#8221;default&#8221; header_level=&#8221;h2&#8243; header_font=&#8221;|700|||||||&#8221; body_text_align=&#8221;justify&#8221; body_line_height=&#8221;1.6em&#8221; locked=&#8221;off&#8221;][\/et_pb_blurb][\/et_pb_column][et_pb_column type=&#8221;1_4&#8243; _builder_version=&#8221;4.4.9&#8243; _module_preset=&#8221;default&#8221;][et_pb_blurb title=&#8221;CONSTRUCTION&#8221; use_icon=&#8221;on&#8221; font_icon=&#8221;%%176%%&#8221; icon_placement=&#8221;left&#8221; _builder_version=&#8221;4.5.0&#8243; _module_preset=&#8221;default&#8221; header_level=&#8221;h2&#8243; header_font=&#8221;|700|||||||&#8221; body_text_align=&#8221;justify&#8221; body_line_height=&#8221;1.6em&#8221;][\/et_pb_blurb][\/et_pb_column][et_pb_column type=&#8221;1_4&#8243; _builder_version=&#8221;4.4.9&#8243; _module_preset=&#8221;default&#8221;][et_pb_blurb title=&#8221;TECHNICAL SUPPORT&#8221; use_icon=&#8221;on&#8221; font_icon=&#8221;%%173%%&#8221; icon_placement=&#8221;left&#8221; _builder_version=&#8221;4.5.0&#8243; _module_preset=&#8221;default&#8221; header_level=&#8221;h2&#8243; header_font=&#8221;|700|||||||&#8221; body_text_align=&#8221;justify&#8221; body_line_height=&#8221;1.6em&#8221; locked=&#8221;off&#8221;][\/et_pb_blurb][\/et_pb_column][et_pb_column type=&#8221;1_4&#8243; _builder_version=&#8221;4.4.9&#8243; _module_preset=&#8221;default&#8221;][et_pb_blurb title=&#8221;START-UP PROCESS&#8221; use_icon=&#8221;on&#8221; font_icon=&#8221;%%40%%&#8221; icon_placement=&#8221;left&#8221; _builder_version=&#8221;4.5.0&#8243; _module_preset=&#8221;default&#8221; header_level=&#8221;h2&#8243; header_font=&#8221;|700|||||||&#8221; body_text_align=&#8221;justify&#8221; body_line_height=&#8221;1.6em&#8221; locked=&#8221;off&#8221;][\/et_pb_blurb][\/et_pb_column][\/et_pb_row][et_pb_row _builder_version=&#8221;4.4.9&#8243; _module_preset=&#8221;03af288c-c782-42a3-8ea0-badef927c1ac&#8221;][et_pb_column type=&#8221;4_4&#8243; _builder_version=&#8221;4.4.9&#8243; _module_preset=&#8221;default&#8221;][et_pb_divider _builder_version=&#8221;4.4.8&#8243; _module_preset=&#8221;default&#8221; locked=&#8221;off&#8221;][\/et_pb_divider][\/et_pb_column][\/et_pb_row][et_pb_row column_structure=&#8221;1_3,1_3,1_3&#8243; make_equal=&#8221;on&#8221; _builder_version=&#8221;4.5.0&#8243; _module_preset=&#8221;03af288c-c782-42a3-8ea0-badef927c1ac&#8221; animation_style=&#8221;fade&#8221; locked=&#8221;off&#8221; collapsed=&#8221;off&#8221;][et_pb_column type=&#8221;1_3&#8243; _builder_version=&#8221;4.4.8&#8243; _module_preset=&#8221;default&#8221;][et_pb_image src=&#8221;https:\/\/www.setecson.com\/en\/wp-content\/uploads\/sites\/3\/2020\/07\/Conexiones-hidr\u00e1ulicas-a-dep\u00f3sitos-con-bomba.jpg&#8221; admin_label=&#8221;Imagen Conexiones hidr\u00e1ulicas a dep\u00f3sitos con bomba&#8221; _builder_version=&#8221;4.5.0&#8243; _module_preset=&#8221;default&#8221; box_shadow_style=&#8221;preset1&#8243;][\/et_pb_image][et_pb_text admin_label=&#8221;Conexiones hidr\u00e1ulicas a dep\u00f3sitos con bomba&#8221; _builder_version=&#8221;4.5.0&#8243; _module_preset=&#8221;default&#8221; text_orientation=&#8221;center&#8221;]<\/p>\n<h3>Hydraulic connections to pump tanks<\/h3>\n<p>[\/et_pb_text][\/et_pb_column][et_pb_column type=&#8221;1_3&#8243; _builder_version=&#8221;4.4.8&#8243; _module_preset=&#8221;default&#8221;][et_pb_image src=&#8221;https:\/\/www.setecson.com\/en\/wp-content\/uploads\/sites\/3\/2020\/07\/Cuadro-Electrico.jpg&#8221; admin_label=&#8221;Imagen Cuadro el\u00e9ctrico&#8221; _builder_version=&#8221;4.5.0&#8243; _module_preset=&#8221;default&#8221; box_shadow_style=&#8221;preset1&#8243; locked=&#8221;off&#8221;][\/et_pb_image][et_pb_text admin_label=&#8221;Armario de control&#8221; _builder_version=&#8221;4.5.0&#8243; _module_preset=&#8221;default&#8221; text_orientation=&#8221;center&#8221; locked=&#8221;off&#8221;]<\/p>\n<h3>Distribution panel<\/h3>\n<p>[\/et_pb_text][\/et_pb_column][et_pb_column type=&#8221;1_3&#8243; _builder_version=&#8221;4.4.8&#8243; _module_preset=&#8221;default&#8221;][et_pb_image src=&#8221;https:\/\/www.setecson.com\/en\/wp-content\/uploads\/sites\/3\/2020\/07\/Cuadro-y-pupitre-con-plc-y-ordenador-para-control.jpg&#8221; admin_label=&#8221;Imagen Cuadro y pupitre con plc y ordenador para control&#8221; _builder_version=&#8221;4.5.0&#8243; _module_preset=&#8221;default&#8221; box_shadow_style=&#8221;preset1&#8243; locked=&#8221;off&#8221;][\/et_pb_image][et_pb_text admin_label=&#8221;Cuadro y pupitre con plc y ordenador para control&#8221; _builder_version=&#8221;4.5.0&#8243; _module_preset=&#8221;default&#8221; text_orientation=&#8221;center&#8221; locked=&#8221;off&#8221;]<\/p>\n<h3>Electrical systems, boxes and pupitre with plc and computer for control<\/h3>\n<p>[\/et_pb_text][\/et_pb_column][\/et_pb_row][et_pb_row column_structure=&#8221;1_3,1_3,1_3&#8243; make_equal=&#8221;on&#8221; _builder_version=&#8221;4.5.0&#8243; _module_preset=&#8221;03af288c-c782-42a3-8ea0-badef927c1ac&#8221; animation_style=&#8221;fade&#8221; locked=&#8221;off&#8221; collapsed=&#8221;off&#8221;][et_pb_column type=&#8221;1_3&#8243; _builder_version=&#8221;4.4.8&#8243; _module_preset=&#8221;default&#8221;][et_pb_image src=&#8221;https:\/\/www.setecson.com\/en\/wp-content\/uploads\/sites\/3\/2020\/07\/Montaje-cubas-soportes-y-robots-l\u00ednea-galv\u00e1nica-autom\u00e1tica.jpg&#8221; admin_label=&#8221;Imagen Montaje cubas, soportes y robots l\u00ednea galv\u00e1nica autom\u00e1tica&#8221; _builder_version=&#8221;4.5.0&#8243; _module_preset=&#8221;default&#8221; box_shadow_style=&#8221;preset1&#8243;][\/et_pb_image][et_pb_text admin_label=&#8221;Montaje cubas, soportes y robots l\u00ednea galv\u00e1nica autom\u00e1tica&#8221; _builder_version=&#8221;4.5.0&#8243; _module_preset=&#8221;default&#8221; text_orientation=&#8221;center&#8221; hover_enabled=&#8221;0&#8243;]<\/p>\n<h3>Assembly of tanks 8 m, robots and supports automatic galvanic line of 1,500 kg<\/h3>\n<p>[\/et_pb_text][\/et_pb_column][et_pb_column type=&#8221;1_3&#8243; _builder_version=&#8221;4.4.8&#8243; _module_preset=&#8221;default&#8221;][et_pb_image src=&#8221;https:\/\/www.setecson.com\/en\/wp-content\/uploads\/sites\/3\/2020\/07\/Montaje-de-cuadro-el\u00e9ctrico-y-programaci\u00f3n.jpg&#8221; admin_label=&#8221;Imagen Montaje de cuadro el\u00e9ctrico y programaci\u00f3n&#8221; _builder_version=&#8221;4.5.0&#8243; _module_preset=&#8221;default&#8221; box_shadow_style=&#8221;preset1&#8243; locked=&#8221;off&#8221;][\/et_pb_image][et_pb_text admin_label=&#8221;Montaje de cuadro el\u00e9ctrico y programaci\u00f3n&#8221; _builder_version=&#8221;4.5.0&#8243; _module_preset=&#8221;default&#8221; text_orientation=&#8221;center&#8221; locked=&#8221;off&#8221;]<\/p>\n<h3>Assembly of electrical box and programming<\/h3>\n<p>[\/et_pb_text][\/et_pb_column][et_pb_column type=&#8221;1_3&#8243; _builder_version=&#8221;4.4.8&#8243; _module_preset=&#8221;default&#8221;][et_pb_image src=&#8221;https:\/\/www.setecson.com\/en\/wp-content\/uploads\/sites\/3\/2020\/07\/Parte-posterior-l\u00ednea-autom\u00e1tica-de-limpieza-con-bocas-de-salida.jpg&#8221; admin_label=&#8221;Imagen Parte posterior l\u00ednea autom\u00e1tica de limpieza con bocas de salida&#8221; _builder_version=&#8221;4.5.0&#8243; _module_preset=&#8221;default&#8221; box_shadow_style=&#8221;preset1&#8243; locked=&#8221;off&#8221;][\/et_pb_image][et_pb_text admin_label=&#8221;Parte posterior l\u00ednea autom\u00e1tica de limpieza con bocas de salida&#8221; _builder_version=&#8221;4.5.0&#8243; _module_preset=&#8221;default&#8221; text_orientation=&#8221;center&#8221; locked=&#8221;off&#8221;]<\/p>\n<h3>Back automatic cleaning line with outlet nozzles<\/h3>\n<p>[\/et_pb_text][\/et_pb_column][\/et_pb_row][et_pb_row column_structure=&#8221;1_3,1_3,1_3&#8243; make_equal=&#8221;on&#8221; _builder_version=&#8221;4.5.0&#8243; _module_preset=&#8221;03af288c-c782-42a3-8ea0-badef927c1ac&#8221; animation_style=&#8221;fade&#8221; locked=&#8221;off&#8221; collapsed=&#8221;off&#8221;][et_pb_column type=&#8221;1_3&#8243; _builder_version=&#8221;4.4.8&#8243; _module_preset=&#8221;default&#8221;][et_pb_image src=&#8221;https:\/\/www.setecson.com\/en\/wp-content\/uploads\/sites\/3\/2020\/07\/Protecciones-en-cesta-rotatoria-en-l\u00ednea-de-limpieza.jpg&#8221; admin_label=&#8221;Imagen Protecciones en cesta rotatoria en l\u00ednea de limpieza&#8221; _builder_version=&#8221;4.5.0&#8243; _module_preset=&#8221;default&#8221; box_shadow_style=&#8221;preset1&#8243;][\/et_pb_image][et_pb_text admin_label=&#8221;Protecciones en cesta rotatoria en l\u00ednea de limpieza&#8221; _builder_version=&#8221;4.5.0&#8243; _module_preset=&#8221;default&#8221; text_orientation=&#8221;center&#8221;]<\/p>\n<h3>Protections in rotating basket in cleaning line<\/h3>\n<p>[\/et_pb_text][\/et_pb_column][et_pb_column type=&#8221;1_3&#8243; _builder_version=&#8221;4.4.8&#8243; _module_preset=&#8221;default&#8221;][et_pb_image src=&#8221;https:\/\/www.setecson.com\/en\/wp-content\/uploads\/sites\/3\/2020\/07\/Salida-de-cestas-en-l\u00ednea-autom\u00e1tica.jpg&#8221; admin_label=&#8221;Imagen Salida de cestas en l\u00ednea autom\u00e1tica&#8221; _builder_version=&#8221;4.5.0&#8243; _module_preset=&#8221;default&#8221; box_shadow_style=&#8221;preset1&#8243; locked=&#8221;off&#8221;][\/et_pb_image][et_pb_text admin_label=&#8221;Salida de cestas en l\u00ednea autom\u00e1tica&#8221; _builder_version=&#8221;4.5.0&#8243; _module_preset=&#8221;default&#8221; text_orientation=&#8221;center&#8221; locked=&#8221;off&#8221;]<\/p>\n<h3>Automatic line basket departure<\/h3>\n<p>[\/et_pb_text][\/et_pb_column][et_pb_column type=&#8221;1_3&#8243; _builder_version=&#8221;4.4.8&#8243; _module_preset=&#8221;default&#8221;][et_pb_image src=&#8221;https:\/\/www.setecson.com\/en\/wp-content\/uploads\/sites\/3\/2020\/07\/Sistema-de-conexiones-de-agua-en-m\u00e1quina-autom\u00e1tica.jpg&#8221; admin_label=&#8221;Imagen Sistema de conexiones de agua en m\u00e1quina autom\u00e1tica&#8221; _builder_version=&#8221;4.5.0&#8243; _module_preset=&#8221;default&#8221; box_shadow_style=&#8221;preset1&#8243; locked=&#8221;off&#8221;][\/et_pb_image][et_pb_text admin_label=&#8221;Sistema de conexiones de agua en m\u00e1quina autom\u00e1tica&#8221; _builder_version=&#8221;4.5.0&#8243; _module_preset=&#8221;default&#8221; text_orientation=&#8221;center&#8221; hover_enabled=&#8221;0&#8243; locked=&#8221;off&#8221;]<\/p>\n<h3>Water connection system without soldering in automatic machine<\/h3>\n<p>[\/et_pb_text][\/et_pb_column][\/et_pb_row][\/et_pb_section][et_pb_section fb_built=&#8221;1&#8243; _builder_version=&#8221;4.5.0&#8243; _module_preset=&#8221;default&#8221;][et_pb_row _builder_version=&#8221;4.5.0&#8243; _module_preset=&#8221;6aa721da-f09a-4ed2-a2e8-819112f36b37&#8243;][et_pb_column type=&#8221;4_4&#8243; _builder_version=&#8221;4.5.0&#8243; _module_preset=&#8221;default&#8221;][et_pb_divider _builder_version=&#8221;4.4.8&#8243; _module_preset=&#8221;default&#8221; custom_padding=&#8221;||0px|||&#8221;][\/et_pb_divider][et_pb_cta title=&#8221;Contact us&#8221; button_url=&#8221;https:\/\/www.setecson.com\/en\/contact\/&#8221; button_text=&#8221;Form&#8221; admin_label=&#8221;Contacto&#8221; _builder_version=&#8221;4.5.0&#8243; _module_preset=&#8221;9165ef0f-9393-4658-a824-5e9fb355e164&#8243;]<\/p>\n<h3 style=\"text-align: center;\">For further information<\/h3>\n<p>[\/et_pb_cta][\/et_pb_column][\/et_pb_row][\/et_pb_section]<\/p>\n","protected":false},"excerpt":{"rendered":"<p>[et_pb_section fb_built=&#8221;1&#8243; fullwidth=&#8221;on&#8221; _builder_version=&#8221;4.4.8&#8243; _module_preset=&#8221;default&#8221; custom_margin=&#8221;15px||||false|false&#8221; bottom_divider_style=&#8221;arrow2&#8243; bottom_divider_color=&#8221;#ffffff&#8221; bottom_divider_height=&#8221;56px&#8221;][et_pb_fullwidth_header title=&#8221;Lines assembly&#8221; text_orientation=&#8221;center&#8221; disabled_on=&#8221;off|off|off&#8221; admin_label=&#8221;T\u00edtulo de anchura completa Montaje de L\u00edneas&#8221; _builder_version=&#8221;4.5.0&#8243; _module_preset=&#8221;default&#8221; text_shadow_style=&#8221;preset2&#8243;][\/et_pb_fullwidth_header][\/et_pb_section][et_pb_section fb_built=&#8221;1&#8243; fullwidth=&#8221;on&#8221; _builder_version=&#8221;4.5.0&#8243; _module_preset=&#8221;default&#8221; animation_style=&#8221;fade&#8221;][et_pb_fullwidth_slider _builder_version=&#8221;4.5.0&#8243; _module_preset=&#8221;default&#8221; custom_margin=&#8221;5px||||false|false&#8221; animation_style=&#8221;fade&#8221; box_shadow_style=&#8221;preset6&#8243;][et_pb_slide heading=&#8221;Solutions adapted to customer needs&#8221; use_text_overlay=&#8221;on&#8221; _builder_version=&#8221;4.5.0&#8243; _module_preset=&#8221;default&#8221; background_enable_color=&#8221;off&#8221; background_image=&#8221;https:\/\/www.setecson.com\/en\/wp-content\/uploads\/sites\/3\/2020\/07\/MontaseLineas01.jpg&#8221; background_enable_image=&#8221;on&#8221;][\/et_pb_slide][et_pb_slide heading=&#8221;We prioritize safety and cost savings&#8221; use_text_overlay=&#8221;on&#8221; _builder_version=&#8221;4.5.0&#8243; _module_preset=&#8221;default&#8221; background_enable_color=&#8221;off&#8221; background_image=&#8221;https:\/\/www.setecson.com\/en\/wp-content\/uploads\/sites\/3\/2020\/07\/MontaseLineas02.jpg&#8221;][\/et_pb_slide][et_pb_slide [&hellip;]<\/p>\n","protected":false},"author":1,"featured_media":0,"parent":0,"menu_order":0,"comment_status":"closed","ping_status":"closed","template":"","meta":{"_et_pb_use_builder":"on","_et_pb_old_content":"","_et_gb_content_width":"","footnotes":""},"class_list":["post-192","page","type-page","status-publish","hentry"],"_links":{"self":[{"href":"https:\/\/www.setecson.com\/en\/wp-json\/wp\/v2\/pages\/192","targetHints":{"allow":["GET"]}}],"collection":[{"href":"https:\/\/www.setecson.com\/en\/wp-json\/wp\/v2\/pages"}],"about":[{"href":"https:\/\/www.setecson.com\/en\/wp-json\/wp\/v2\/types\/page"}],"author":[{"embeddable":true,"href":"https:\/\/www.setecson.com\/en\/wp-json\/wp\/v2\/users\/1"}],"replies":[{"embeddable":true,"href":"https:\/\/www.setecson.com\/en\/wp-json\/wp\/v2\/comments?post=192"}],"version-history":[{"count":14,"href":"https:\/\/www.setecson.com\/en\/wp-json\/wp\/v2\/pages\/192\/revisions"}],"predecessor-version":[{"id":647,"href":"https:\/\/www.setecson.com\/en\/wp-json\/wp\/v2\/pages\/192\/revisions\/647"}],"wp:attachment":[{"href":"https:\/\/www.setecson.com\/en\/wp-json\/wp\/v2\/media?parent=192"}],"curies":[{"name":"wp","href":"https:\/\/api.w.org\/{rel}","templated":true}]}}