{"id":155,"date":"2020-07-16T13:20:22","date_gmt":"2020-07-16T13:20:22","guid":{"rendered":"https:\/\/www.setecson.com\/en\/?page_id=155"},"modified":"2020-07-29T15:31:21","modified_gmt":"2020-07-29T15:31:21","slug":"automation","status":"publish","type":"page","link":"https:\/\/www.setecson.com\/en\/automation\/","title":{"rendered":"Automation"},"content":{"rendered":"<p>[et_pb_section fb_built=&#8221;1&#8243; fullwidth=&#8221;on&#8221; _builder_version=&#8221;4.4.8&#8243; _module_preset=&#8221;default&#8221; custom_margin=&#8221;15px||||false|false&#8221; bottom_divider_style=&#8221;arrow2&#8243; bottom_divider_color=&#8221;#ffffff&#8221; bottom_divider_height=&#8221;56px&#8221;][et_pb_fullwidth_header title=&#8221;Automation&#8221; text_orientation=&#8221;center&#8221; disabled_on=&#8221;off|off|off&#8221; _builder_version=&#8221;4.5.0&#8243; _module_preset=&#8221;default&#8221; text_shadow_style=&#8221;preset2&#8243;][\/et_pb_fullwidth_header][\/et_pb_section][et_pb_section fb_built=&#8221;1&#8243; _builder_version=&#8221;4.4.8&#8243; _module_preset=&#8221;default&#8221; custom_padding=&#8221;||0px|||&#8221; collapsed=&#8221;off&#8221;][et_pb_row make_equal=&#8221;on&#8221; _builder_version=&#8221;4.5.0&#8243; _module_preset=&#8221;da2641f5-0951-4817-8da2-4d2f072d0180&#8243; custom_padding=&#8221;||0px|||&#8221; animation_style=&#8221;fade&#8221;][et_pb_column type=&#8221;4_4&#8243; _builder_version=&#8221;4.4.8&#8243; _module_preset=&#8221;default&#8221;][et_pb_text admin_label=&#8221;Ofrecemos&#8221; _builder_version=&#8221;4.5.0&#8243; _module_preset=&#8221;default&#8221; text_orientation=&#8221;justified&#8221;]<\/p>\n<p>We have a range of manipulators for coupling to existing equipment or for new installations, with loads from 30 kg, for the &#8220;monorail&#8221; model or much higher with the &#8220;gantry&#8221; model.<\/p>\n<p>Likewise, we can study the automation of its galvanic line, with time and power control of the treatment rectifiers, for each part reference.<\/p>\n<p>Each line is adjusted and configured according to the client&#8217;s needs in reference to the cleaning, rinsing and drying required.<\/p>\n<p>[\/et_pb_text][et_pb_image src=&#8221;https:\/\/www.setecson.com\/en\/wp-content\/uploads\/sites\/3\/2020\/07\/automatizacion08.jpg&#8221; _builder_version=&#8221;4.5.0&#8243; _module_preset=&#8221;default&#8221; hover_enabled=&#8221;0&#8243; box_shadow_style=&#8221;preset2&#8243; align=&#8221;center&#8221;][\/et_pb_image][\/et_pb_column][\/et_pb_row][et_pb_row admin_label=&#8221;Soluciones Llave en Mano&#8221; _builder_version=&#8221;4.5.0&#8243; _module_preset=&#8221;250c813b-b2a7-4a68-90e9-05e84337b583&#8243; locked=&#8221;off&#8221; collapsed=&#8221;on&#8221;][et_pb_column type=&#8221;4_4&#8243; _builder_version=&#8221;4.4.9&#8243; _module_preset=&#8221;default&#8221;][et_pb_divider _builder_version=&#8221;4.4.8&#8243; _module_preset=&#8221;default&#8221; custom_margin=&#8221;||1px|||&#8221;][\/et_pb_divider][et_pb_text _builder_version=&#8221;4.5.0&#8243; _module_preset=&#8221;default&#8221; animation_style=&#8221;slide&#8221; scroll_horizontal_motion=&#8221;0|50|50|100|10|0|-4&#8243;]<\/p>\n<h1 style=\"text-align: center;\"><span>Turnkey solutions<\/span><\/h1>\n<p>[\/et_pb_text][\/et_pb_column][\/et_pb_row][et_pb_row column_structure=&#8221;1_4,1_4,1_4,1_4&#8243; admin_label=&#8221;Anuncios Llave en Mano&#8221; _builder_version=&#8221;4.5.0&#8243; _module_preset=&#8221;bccd9476-4cef-45a5-a080-a18e15ad01e5&#8243; locked=&#8221;off&#8221; collapsed=&#8221;on&#8221;][et_pb_column type=&#8221;1_4&#8243; _builder_version=&#8221;4.4.9&#8243; _module_preset=&#8221;default&#8221;][et_pb_blurb title=&#8221;DESIGN&#8221; use_icon=&#8221;on&#8221; font_icon=&#8221;%%103%%&#8221; icon_placement=&#8221;left&#8221; _builder_version=&#8221;4.5.0&#8243; _module_preset=&#8221;default&#8221; header_level=&#8221;h2&#8243; header_font=&#8221;|700|||||||&#8221; body_text_align=&#8221;justify&#8221; body_line_height=&#8221;1.6em&#8221; locked=&#8221;off&#8221;][\/et_pb_blurb][\/et_pb_column][et_pb_column type=&#8221;1_4&#8243; _builder_version=&#8221;4.4.9&#8243; _module_preset=&#8221;default&#8221;][et_pb_blurb title=&#8221;CONSTRUCTION&#8221; use_icon=&#8221;on&#8221; font_icon=&#8221;%%176%%&#8221; icon_placement=&#8221;left&#8221; _builder_version=&#8221;4.5.0&#8243; _module_preset=&#8221;default&#8221; header_level=&#8221;h2&#8243; header_font=&#8221;|700|||||||&#8221; body_text_align=&#8221;justify&#8221; body_line_height=&#8221;1.6em&#8221;][\/et_pb_blurb][\/et_pb_column][et_pb_column type=&#8221;1_4&#8243; _builder_version=&#8221;4.4.9&#8243; _module_preset=&#8221;default&#8221;][et_pb_blurb title=&#8221;TECHNICAL SUPPORT&#8221; use_icon=&#8221;on&#8221; font_icon=&#8221;%%173%%&#8221; icon_placement=&#8221;left&#8221; _builder_version=&#8221;4.5.0&#8243; _module_preset=&#8221;default&#8221; header_level=&#8221;h2&#8243; header_font=&#8221;|700|||||||&#8221; body_text_align=&#8221;justify&#8221; body_line_height=&#8221;1.6em&#8221; locked=&#8221;off&#8221;][\/et_pb_blurb][\/et_pb_column][et_pb_column type=&#8221;1_4&#8243; _builder_version=&#8221;4.4.9&#8243; _module_preset=&#8221;default&#8221;][et_pb_blurb title=&#8221;START-UP PROCESS&#8221; use_icon=&#8221;on&#8221; font_icon=&#8221;%%40%%&#8221; icon_placement=&#8221;left&#8221; _builder_version=&#8221;4.5.0&#8243; _module_preset=&#8221;default&#8221; header_level=&#8221;h2&#8243; header_font=&#8221;|700|||||||&#8221; body_text_align=&#8221;justify&#8221; body_line_height=&#8221;1.6em&#8221; locked=&#8221;off&#8221;][\/et_pb_blurb][\/et_pb_column][\/et_pb_row][et_pb_row _builder_version=&#8221;4.4.8&#8243; _module_preset=&#8221;da2641f5-0951-4817-8da2-4d2f072d0180&#8243;][et_pb_column type=&#8221;4_4&#8243; _builder_version=&#8221;4.4.8&#8243; _module_preset=&#8221;default&#8221;][et_pb_divider _builder_version=&#8221;4.4.8&#8243; _module_preset=&#8221;default&#8221;][\/et_pb_divider][\/et_pb_column][\/et_pb_row][et_pb_row column_structure=&#8221;1_3,1_3,1_3&#8243; make_equal=&#8221;on&#8221; _builder_version=&#8221;4.5.0&#8243; _module_preset=&#8221;da2641f5-0951-4817-8da2-4d2f072d0180&#8243; animation_style=&#8221;fade&#8221; collapsed=&#8221;off&#8221;][et_pb_column type=&#8221;1_3&#8243; _builder_version=&#8221;4.4.8&#8243; _module_preset=&#8221;default&#8221;][et_pb_image src=&#8221;https:\/\/www.setecson.com\/en\/wp-content\/uploads\/sites\/3\/2020\/07\/01-Robot-portico-250k-1.jpg&#8221; admin_label=&#8221;Imagen Robot p\u00f3rtico 250 kgs&#8221; _builder_version=&#8221;4.5.0&#8243; _module_preset=&#8221;default&#8221; box_shadow_style=&#8221;preset1&#8243;][\/et_pb_image][et_pb_text admin_label=&#8221;Robot p\u00f3rtico 250 kgs&#8221; _builder_version=&#8221;4.5.0&#8243; _module_preset=&#8221;default&#8221; text_orientation=&#8221;center&#8221;]<\/p>\n<h3>Gantry robot 250 kg<\/h3>\n<p>[\/et_pb_text][\/et_pb_column][et_pb_column type=&#8221;1_3&#8243; _builder_version=&#8221;4.4.8&#8243; _module_preset=&#8221;default&#8221;][et_pb_image src=&#8221;https:\/\/www.setecson.com\/en\/wp-content\/uploads\/sites\/3\/2020\/07\/pantalla.jpg&#8221; admin_label=&#8221;Imagen Armario de control&#8221; _builder_version=&#8221;4.5.0&#8243; _module_preset=&#8221;default&#8221; box_shadow_style=&#8221;preset1&#8243; locked=&#8221;off&#8221;][\/et_pb_image][et_pb_text admin_label=&#8221;Armario de control&#8221; _builder_version=&#8221;4.4.9&#8243; _module_preset=&#8221;default&#8221; text_orientation=&#8221;center&#8221; locked=&#8221;off&#8221;]<\/p>\n<h3>Control cabinet<\/h3>\n<p>[\/et_pb_text][\/et_pb_column][et_pb_column type=&#8221;1_3&#8243; _builder_version=&#8221;4.4.8&#8243; _module_preset=&#8221;default&#8221;][et_pb_image src=&#8221;https:\/\/www.setecson.com\/en\/wp-content\/uploads\/sites\/3\/2020\/07\/02-Robot-aereo-1000k-1.jpg&#8221; admin_label=&#8221;Imagen Robot a\u00e9reo 1.000 kgs&#8221; _builder_version=&#8221;4.5.0&#8243; _module_preset=&#8221;default&#8221; box_shadow_style=&#8221;preset1&#8243; locked=&#8221;off&#8221;][\/et_pb_image][et_pb_text admin_label=&#8221;Robot a\u00e9reo 1.000 kgs&#8221; _builder_version=&#8221;4.5.0&#8243; _module_preset=&#8221;default&#8221; text_orientation=&#8221;center&#8221; locked=&#8221;off&#8221;]<\/p>\n<h3>Air robot 1,000 kg<\/h3>\n<p>[\/et_pb_text][\/et_pb_column][\/et_pb_row][et_pb_row column_structure=&#8221;1_3,1_3,1_3&#8243; make_equal=&#8221;on&#8221; _builder_version=&#8221;4.5.0&#8243; _module_preset=&#8221;da2641f5-0951-4817-8da2-4d2f072d0180&#8243; animation_style=&#8221;fade&#8221;][et_pb_column type=&#8221;1_3&#8243; _builder_version=&#8221;4.4.9&#8243; _module_preset=&#8221;default&#8221;][et_pb_image src=&#8221;https:\/\/www.setecson.com\/en\/wp-content\/uploads\/sites\/3\/2020\/07\/03-Robot-monorail-30k-1.jpg&#8221; admin_label=&#8221;Imagen Robot monorail 30 kgs&#8221; _builder_version=&#8221;4.5.0&#8243; _module_preset=&#8221;default&#8221; box_shadow_style=&#8221;preset1&#8243;][\/et_pb_image][et_pb_text admin_label=&#8221;Robot monorail 30 kgs&#8221; _builder_version=&#8221;4.5.0&#8243; _module_preset=&#8221;default&#8221; text_orientation=&#8221;center&#8221; locked=&#8221;off&#8221;]<\/p>\n<h3>Monorail robot 30 kg<\/h3>\n<p>[\/et_pb_text][\/et_pb_column][et_pb_column type=&#8221;1_3&#8243; _builder_version=&#8221;4.4.9&#8243; _module_preset=&#8221;default&#8221;][et_pb_image src=&#8221;https:\/\/www.setecson.com\/en\/wp-content\/uploads\/sites\/3\/2020\/07\/Cesta-rotatoria-de-m\u00e1quina-autom\u00e1tica.jpg&#8221; admin_label=&#8221;Imagen Cesta rotatoria de m\u00e1quina autom\u00e1tica&#8221; _builder_version=&#8221;4.5.0&#8243; _module_preset=&#8221;default&#8221; box_shadow_style=&#8221;preset1&#8243; locked=&#8221;off&#8221;][\/et_pb_image][et_pb_text admin_label=&#8221;Cesta rotatoria de m\u00e1quina autom\u00e1tica&#8221; _builder_version=&#8221;4.5.0&#8243; _module_preset=&#8221;default&#8221; text_orientation=&#8221;center&#8221; locked=&#8221;off&#8221;]<\/p>\n<h3>Automatic machine rotary basket<\/h3>\n<p>[\/et_pb_text][\/et_pb_column][et_pb_column type=&#8221;1_3&#8243; _builder_version=&#8221;4.4.9&#8243; _module_preset=&#8221;default&#8221;][et_pb_image src=&#8221;https:\/\/www.setecson.com\/en\/wp-content\/uploads\/sites\/3\/2020\/07\/Cestas-de-limpieza-de-cuberter\u00eda-en-m\u00e1quina-autom\u00e1tica.jpg&#8221; admin_label=&#8221;Imagen Cestas de limpieza de cuberter\u00eda en m\u00e1quina &#8221; _builder_version=&#8221;4.5.0&#8243; _module_preset=&#8221;default&#8221; box_shadow_style=&#8221;preset1&#8243; locked=&#8221;off&#8221;][\/et_pb_image][et_pb_text admin_label=&#8221;Cestas de limpieza de cuberter\u00eda en m\u00e1quina &#8221; _builder_version=&#8221;4.5.0&#8243; _module_preset=&#8221;default&#8221; text_orientation=&#8221;center&#8221; locked=&#8221;off&#8221;]<\/p>\n<h3>Cutlery cleaning baskets in automatic machine<\/h3>\n<p>[\/et_pb_text][\/et_pb_column][\/et_pb_row][et_pb_row column_structure=&#8221;1_3,1_3,1_3&#8243; make_equal=&#8221;on&#8221; _builder_version=&#8221;4.5.0&#8243; _module_preset=&#8221;da2641f5-0951-4817-8da2-4d2f072d0180&#8243; animation_style=&#8221;fade&#8221;][et_pb_column type=&#8221;1_3&#8243; _builder_version=&#8221;4.4.9&#8243; _module_preset=&#8221;default&#8221;][et_pb_image src=&#8221;https:\/\/www.setecson.com\/en\/wp-content\/uploads\/sites\/3\/2020\/07\/Cuadro-Electrico.jpg&#8221; admin_label=&#8221;Imagen Cuadro Electrico&#8221; _builder_version=&#8221;4.5.0&#8243; _module_preset=&#8221;default&#8221; box_shadow_style=&#8221;preset1&#8243; locked=&#8221;off&#8221;][\/et_pb_image][et_pb_text admin_label=&#8221;Cuadro Electrico&#8221; _builder_version=&#8221;4.5.0&#8243; _module_preset=&#8221;default&#8221; text_orientation=&#8221;center&#8221; locked=&#8221;off&#8221;]<\/p>\n<h3>Electric panel<\/h3>\n<p>[\/et_pb_text][\/et_pb_column][et_pb_column type=&#8221;1_3&#8243; _builder_version=&#8221;4.4.9&#8243; _module_preset=&#8221;default&#8221;][et_pb_image src=&#8221;https:\/\/www.setecson.com\/en\/wp-content\/uploads\/sites\/3\/2020\/07\/L\u00ednea-autom\u00e1tica-cerrada-con-robot-y-cuadro-el\u00e9ctrico-incorporado.jpg&#8221; admin_label=&#8221;Imagen L\u00ednea autom\u00e1tica cerrada con robot y cuadro&#8221; _builder_version=&#8221;4.5.0&#8243; _module_preset=&#8221;default&#8221; box_shadow_style=&#8221;preset1&#8243; locked=&#8221;off&#8221;][\/et_pb_image][et_pb_text admin_label=&#8221;Cesta rotatoria de m\u00e1quina autom\u00e1tica&#8221; _builder_version=&#8221;4.5.0&#8243; _module_preset=&#8221;default&#8221; text_orientation=&#8221;center&#8221; locked=&#8221;off&#8221;]<\/p>\n<h3>Automatic closed line for alcohols and solvents with robot and incorporated electrical panel<\/h3>\n<p>[\/et_pb_text][\/et_pb_column][et_pb_column type=&#8221;1_3&#8243; _builder_version=&#8221;4.4.9&#8243; _module_preset=&#8221;default&#8221;][et_pb_image src=&#8221;https:\/\/www.setecson.com\/en\/wp-content\/uploads\/sites\/3\/2020\/07\/L\u00cdNEA-AUTOM\u00c1TICA-DE-CESTA-ROTATORIA-CARENADA-CON-CARGA-Y-DESCARGA-EN-EL-MISMO-SITIO.jpg&#8221; admin_label=&#8221;Imagen L\u00ednea autom\u00e1tica de cesta rotatoria carenada &#8221; _builder_version=&#8221;4.5.0&#8243; _module_preset=&#8221;default&#8221; box_shadow_style=&#8221;preset1&#8243; locked=&#8221;off&#8221;][\/et_pb_image][et_pb_text admin_label=&#8221;L\u00ednea autom\u00e1tica de cesta rotatoria carenada con &#8221; _builder_version=&#8221;4.5.0&#8243; _module_preset=&#8221;default&#8221; text_orientation=&#8221;center&#8221; locked=&#8221;off&#8221;]<\/p>\n<h3>Automatic fair rotating basket line with loading and unloading on the same site<\/h3>\n<p>[\/et_pb_text][\/et_pb_column][\/et_pb_row][et_pb_row column_structure=&#8221;1_3,1_3,1_3&#8243; make_equal=&#8221;on&#8221; _builder_version=&#8221;4.5.0&#8243; _module_preset=&#8221;da2641f5-0951-4817-8da2-4d2f072d0180&#8243; animation_style=&#8221;fade&#8221;][et_pb_column type=&#8221;1_3&#8243; _builder_version=&#8221;4.4.9&#8243; _module_preset=&#8221;default&#8221;][et_pb_image src=&#8221;https:\/\/www.setecson.com\/en\/wp-content\/uploads\/sites\/3\/2020\/07\/L\u00cdNEA-AUTOM\u00c1TICA-DE-CESTA-ROTATORIA.jpg&#8221; admin_label=&#8221;Imagen Cuadro Electrico&#8221; _builder_version=&#8221;4.5.0&#8243; _module_preset=&#8221;default&#8221; box_shadow_style=&#8221;preset1&#8243; locked=&#8221;off&#8221;][\/et_pb_image][et_pb_text admin_label=&#8221;L\u00ednea autom\u00e1tica de cesta rotatoria&#8221; _builder_version=&#8221;4.5.0&#8243; _module_preset=&#8221;default&#8221; text_orientation=&#8221;center&#8221; locked=&#8221;off&#8221;]<\/p>\n<h3>Automatic rotating basket line<\/h3>\n<p>[\/et_pb_text][\/et_pb_column][et_pb_column type=&#8221;1_3&#8243; _builder_version=&#8221;4.4.9&#8243; _module_preset=&#8221;default&#8221;][et_pb_image src=&#8221;https:\/\/www.setecson.com\/en\/wp-content\/uploads\/sites\/3\/2020\/07\/L\u00ednea-autom\u00e1tica-de-limpieza-de-cuberter\u00eda.jpg&#8221; admin_label=&#8221;Imagen L\u00ednea autom\u00e1tica de limpieza de cuberter\u00eda&#8221; _builder_version=&#8221;4.5.0&#8243; _module_preset=&#8221;default&#8221; box_shadow_style=&#8221;preset1&#8243; locked=&#8221;off&#8221;][\/et_pb_image][et_pb_text admin_label=&#8221;L\u00ednea autom\u00e1tica de limpieza de cuberter\u00eda&#8221; _builder_version=&#8221;4.5.0&#8243; _module_preset=&#8221;default&#8221; text_orientation=&#8221;center&#8221; locked=&#8221;off&#8221;]<\/p>\n<h3>Automatic cutlery cleaning line<\/h3>\n<p>[\/et_pb_text][\/et_pb_column][et_pb_column type=&#8221;1_3&#8243; _builder_version=&#8221;4.4.9&#8243; _module_preset=&#8221;default&#8221;][et_pb_image src=&#8221;https:\/\/www.setecson.com\/en\/wp-content\/uploads\/sites\/3\/2020\/07\/L\u00cdNEA-AUTOM\u00c1TICA-DE-LIMPIEZA-POR-DUCHAS-Y-SECADO.jpg&#8221; admin_label=&#8221;Imagen L\u00ednea autom\u00e1tica de limpieza por duchas &#8221; _builder_version=&#8221;4.5.0&#8243; _module_preset=&#8221;default&#8221; box_shadow_style=&#8221;preset1&#8243; locked=&#8221;off&#8221;][\/et_pb_image][et_pb_text admin_label=&#8221;L\u00ednea autom\u00e1tica de limpieza por duchas y secado&#8221; _builder_version=&#8221;4.5.0&#8243; _module_preset=&#8221;default&#8221; text_orientation=&#8221;center&#8221; locked=&#8221;off&#8221;]<\/p>\n<h3>Automatic cleaning and polishing line<\/h3>\n<p>[\/et_pb_text][\/et_pb_column][\/et_pb_row][et_pb_row column_structure=&#8221;1_3,1_3,1_3&#8243; make_equal=&#8221;on&#8221; _builder_version=&#8221;4.5.0&#8243; _module_preset=&#8221;da2641f5-0951-4817-8da2-4d2f072d0180&#8243; animation_style=&#8221;fade&#8221;][et_pb_column type=&#8221;1_3&#8243; _builder_version=&#8221;4.4.9&#8243; _module_preset=&#8221;default&#8221;][et_pb_image src=&#8221;https:\/\/www.setecson.com\/en\/wp-content\/uploads\/sites\/3\/2020\/07\/Linea-autom\u00e1tica-de-limpieza.jpg&#8221; admin_label=&#8221;Imagen Linea autom\u00e1tica de limpieza&#8221; _builder_version=&#8221;4.5.0&#8243; _module_preset=&#8221;default&#8221; box_shadow_style=&#8221;preset1&#8243; locked=&#8221;off&#8221;][\/et_pb_image][et_pb_text admin_label=&#8221;Linea autom\u00e1tica de limpieza&#8221; _builder_version=&#8221;4.5.0&#8243; _module_preset=&#8221;default&#8221; text_orientation=&#8221;center&#8221; locked=&#8221;off&#8221;]<\/p>\n<h3>Automatic cleaning and robot line<\/h3>\n<p>[\/et_pb_text][\/et_pb_column][et_pb_column type=&#8221;1_3&#8243; _builder_version=&#8221;4.4.9&#8243; _module_preset=&#8221;default&#8221;][et_pb_image src=&#8221;https:\/\/www.setecson.com\/en\/wp-content\/uploads\/sites\/3\/2020\/07\/L\u00ednea-de-limpieza-con-tapas-en-duchas.jpg&#8221; admin_label=&#8221;Imagen L\u00ednea de limpieza con tapas en duchas&#8221; _builder_version=&#8221;4.5.0&#8243; _module_preset=&#8221;default&#8221; box_shadow_style=&#8221;preset1&#8243; locked=&#8221;off&#8221;][\/et_pb_image][et_pb_text admin_label=&#8221;L\u00ednea de limpieza con tapas en duchas&#8221; _builder_version=&#8221;4.5.0&#8243; _module_preset=&#8221;default&#8221; text_orientation=&#8221;center&#8221; locked=&#8221;off&#8221;]<\/p>\n<h3>Cleaning line with shower covers<\/h3>\n<p>[\/et_pb_text][\/et_pb_column][et_pb_column type=&#8221;1_3&#8243; _builder_version=&#8221;4.4.9&#8243; _module_preset=&#8221;default&#8221;][et_pb_image src=&#8221;https:\/\/www.setecson.com\/en\/wp-content\/uploads\/sites\/3\/2020\/07\/Mecanismo-en-movimiento-de-cestas-rotatorias-en-cubas.jpg&#8221; admin_label=&#8221;ImagenMecanismo en movimiento de cestas &#8221; _builder_version=&#8221;4.5.0&#8243; _module_preset=&#8221;default&#8221; box_shadow_style=&#8221;preset1&#8243; locked=&#8221;off&#8221;][\/et_pb_image][et_pb_text admin_label=&#8221;Mecanismo en movimiento de cestas rotatorias &#8221; _builder_version=&#8221;4.5.0&#8243; _module_preset=&#8221;default&#8221; text_orientation=&#8221;center&#8221; locked=&#8221;off&#8221;]<\/p>\n<h3>Mechanism in movement of rotating baskets in tanks<\/h3>\n<p>[\/et_pb_text][\/et_pb_column][\/et_pb_row][et_pb_row column_structure=&#8221;1_3,1_3,1_3&#8243; make_equal=&#8221;on&#8221; _builder_version=&#8221;4.5.0&#8243; _module_preset=&#8221;da2641f5-0951-4817-8da2-4d2f072d0180&#8243; animation_style=&#8221;fade&#8221;][et_pb_column type=&#8221;1_3&#8243; _builder_version=&#8221;4.4.9&#8243; _module_preset=&#8221;default&#8221;][et_pb_image src=&#8221;https:\/\/www.setecson.com\/en\/wp-content\/uploads\/sites\/3\/2020\/07\/MONTAJE-DE-L\u00cdNEA-AUTOM\u00c1TICA-DE-LIMPIEZA-CON-CUADRO-EL\u00c9CTRICO-INTEGRADO-Y-SISTEMA-MEC\u00c1NICO-DE-ENTRADA-Y-SALIDA-DE-CESTAS.jpg&#8221; admin_label=&#8221;Imagen Montaje de l\u00ednea autom\u00e1tica de limpieza con cuadro el\u00e9ctrico integrado y sistema mec\u00e1nico de entrada y salida de cestas&#8221; _builder_version=&#8221;4.5.0&#8243; _module_preset=&#8221;default&#8221; box_shadow_style=&#8221;preset1&#8243; locked=&#8221;off&#8221;][\/et_pb_image][et_pb_text admin_label=&#8221;Montaje de l\u00ednea autom\u00e1tica de limpieza con cuadro el\u00e9ctrico integrado y sistema mec\u00e1nico de entrada y salida de cestas&#8221; _builder_version=&#8221;4.5.0&#8243; _module_preset=&#8221;default&#8221; text_orientation=&#8221;center&#8221; locked=&#8221;off&#8221;]<\/p>\n<h3>Assembly of automatic cleaning line with integrated electrical box and mechanical system of entry and exit of baskets<\/h3>\n<p>[\/et_pb_text][\/et_pb_column][et_pb_column type=&#8221;1_3&#8243; _builder_version=&#8221;4.4.9&#8243; _module_preset=&#8221;default&#8221;][et_pb_image src=&#8221;https:\/\/www.setecson.com\/en\/wp-content\/uploads\/sites\/3\/2020\/07\/MONTAJE-L\u00cdNEA-AUTOM\u00c1TICA-DE-LIMPIEZA-PARTE-POSTERIOR-CON-SUS-CONEXIONES-Y-DEP\u00d3SITOS-Y-CUADRO-EL\u00c9CTRICO-INCORPORADO.jpg&#8221; admin_label=&#8221;Imagen Montaje l\u00ednea autom\u00e1tica de limpieza, parte posterior con sus conexiones y dep\u00f3sitos, y cuadro el\u00e9ctrico incorporado&#8221; _builder_version=&#8221;4.5.0&#8243; _module_preset=&#8221;default&#8221; box_shadow_style=&#8221;preset1&#8243; locked=&#8221;off&#8221;][\/et_pb_image][et_pb_text admin_label=&#8221;L\u00ednea de limpieza con tapas en duchas&#8221; _builder_version=&#8221;4.5.0&#8243; _module_preset=&#8221;default&#8221; text_orientation=&#8221;center&#8221; locked=&#8221;off&#8221;]<\/p>\n<h3>Automatic cleaning line assembly, back with its connections and tanks, and built-in electrical box<\/h3>\n<p>[\/et_pb_text][\/et_pb_column][et_pb_column type=&#8221;1_3&#8243; _builder_version=&#8221;4.4.9&#8243; _module_preset=&#8221;default&#8221;][et_pb_image src=&#8221;https:\/\/www.setecson.com\/en\/wp-content\/uploads\/sites\/3\/2020\/07\/TANQUES-DE-LIMPIEZA-Y-DE-SECADO-CON-SISTEMA-NEUM\u00c1TICO.jpg&#8221; admin_label=&#8221;Imagen Tanques de limpieza y de secado con sistema neum\u00e1tico&#8221; _builder_version=&#8221;4.5.0&#8243; _module_preset=&#8221;default&#8221; box_shadow_style=&#8221;preset1&#8243; locked=&#8221;off&#8221;][\/et_pb_image][et_pb_text admin_label=&#8221;Tanques de limpieza y de secado con sistema neum\u00e1tico&#8221; _builder_version=&#8221;4.5.0&#8243; _module_preset=&#8221;default&#8221; text_orientation=&#8221;center&#8221; locked=&#8221;off&#8221;]<\/p>\n<h3>Cleaning and drying tanks with pneumatic system<\/h3>\n<p>[\/et_pb_text][\/et_pb_column][\/et_pb_row][et_pb_row column_structure=&#8221;1_3,1_3,1_3&#8243; make_equal=&#8221;on&#8221; _builder_version=&#8221;4.5.0&#8243; _module_preset=&#8221;da2641f5-0951-4817-8da2-4d2f072d0180&#8243; animation_style=&#8221;fade&#8221; collapsed=&#8221;off&#8221;][et_pb_column type=&#8221;1_3&#8243; _builder_version=&#8221;4.4.9&#8243; _module_preset=&#8221;default&#8221;][et_pb_image src=&#8221;https:\/\/www.setecson.com\/en\/wp-content\/uploads\/sites\/3\/2020\/07\/Sistema-de-cestas-rotatias-en-movimiento.jpg&#8221; admin_label=&#8221;Imagen Sistema de cestas rotativas en movimiento&#8221; _builder_version=&#8221;4.5.0&#8243; _module_preset=&#8221;default&#8221; box_shadow_style=&#8221;preset1&#8243; locked=&#8221;off&#8221;][\/et_pb_image][et_pb_text admin_label=&#8221;Sistema de cestas rotativas en movimiento&#8221; _builder_version=&#8221;4.5.0&#8243; _module_preset=&#8221;default&#8221; text_orientation=&#8221;center&#8221; locked=&#8221;off&#8221;]<\/p>\n<h3>Moving rotating basket system<\/h3>\n<p>[\/et_pb_text][\/et_pb_column][et_pb_column type=&#8221;1_3&#8243; _builder_version=&#8221;4.4.9&#8243; _module_preset=&#8221;default&#8221;][et_pb_image src=&#8221;https:\/\/www.setecson.com\/en\/wp-content\/uploads\/sites\/3\/2020\/07\/Pupitre-control-linea-autom\u00e1tica.jpg&#8221; admin_label=&#8221;Imagen Pupitre control linea autom\u00e1tica&#8221; _builder_version=&#8221;4.5.0&#8243; _module_preset=&#8221;default&#8221; box_shadow_style=&#8221;preset1&#8243; locked=&#8221;off&#8221;][\/et_pb_image][et_pb_text admin_label=&#8221;Pupitre control linea autom\u00e1tica&#8221; _builder_version=&#8221;4.5.0&#8243; _module_preset=&#8221;default&#8221; text_orientation=&#8221;center&#8221; locked=&#8221;off&#8221;]<\/p>\n<h3>Pupitre control automatic line<\/h3>\n<p>[\/et_pb_text][\/et_pb_column][et_pb_column type=&#8221;1_3&#8243; _builder_version=&#8221;4.4.9&#8243; _module_preset=&#8221;default&#8221;][\/et_pb_column][\/et_pb_row][\/et_pb_section][et_pb_section fb_built=&#8221;1&#8243; _builder_version=&#8221;4.5.0&#8243; _module_preset=&#8221;default&#8221;][et_pb_row _builder_version=&#8221;4.5.0&#8243; _module_preset=&#8221;6aa721da-f09a-4ed2-a2e8-819112f36b37&#8243;][et_pb_column type=&#8221;4_4&#8243; _builder_version=&#8221;4.5.0&#8243; _module_preset=&#8221;default&#8221;][et_pb_divider _builder_version=&#8221;4.4.8&#8243; _module_preset=&#8221;default&#8221; custom_padding=&#8221;||0px|||&#8221;][\/et_pb_divider][et_pb_cta title=&#8221;Contact us&#8221; button_url=&#8221;https:\/\/www.setecson.com\/en\/contact\/&#8221; button_text=&#8221;Form&#8221; admin_label=&#8221;Contacto&#8221; _builder_version=&#8221;4.5.0&#8243; _module_preset=&#8221;9165ef0f-9393-4658-a824-5e9fb355e164&#8243;]<\/p>\n<h3 style=\"text-align: center;\">For further information<\/h3>\n<p>[\/et_pb_cta][\/et_pb_column][\/et_pb_row][\/et_pb_section]<\/p>\n","protected":false},"excerpt":{"rendered":"<p>[et_pb_section fb_built=&#8221;1&#8243; fullwidth=&#8221;on&#8221; _builder_version=&#8221;4.4.8&#8243; _module_preset=&#8221;default&#8221; custom_margin=&#8221;15px||||false|false&#8221; bottom_divider_style=&#8221;arrow2&#8243; bottom_divider_color=&#8221;#ffffff&#8221; bottom_divider_height=&#8221;56px&#8221;][et_pb_fullwidth_header title=&#8221;Automation&#8221; text_orientation=&#8221;center&#8221; disabled_on=&#8221;off|off|off&#8221; _builder_version=&#8221;4.5.0&#8243; _module_preset=&#8221;default&#8221; text_shadow_style=&#8221;preset2&#8243;][\/et_pb_fullwidth_header][\/et_pb_section][et_pb_section fb_built=&#8221;1&#8243; _builder_version=&#8221;4.4.8&#8243; _module_preset=&#8221;default&#8221; custom_padding=&#8221;||0px|||&#8221; collapsed=&#8221;off&#8221;][et_pb_row make_equal=&#8221;on&#8221; _builder_version=&#8221;4.5.0&#8243; _module_preset=&#8221;da2641f5-0951-4817-8da2-4d2f072d0180&#8243; custom_padding=&#8221;||0px|||&#8221; animation_style=&#8221;fade&#8221;][et_pb_column type=&#8221;4_4&#8243; _builder_version=&#8221;4.4.8&#8243; _module_preset=&#8221;default&#8221;][et_pb_text admin_label=&#8221;Ofrecemos&#8221; _builder_version=&#8221;4.5.0&#8243; _module_preset=&#8221;default&#8221; text_orientation=&#8221;justified&#8221;] We have a range of manipulators for coupling to existing equipment or for new installations, with loads from 30 kg, for the &#8220;monorail&#8221; [&hellip;]<\/p>\n","protected":false},"author":1,"featured_media":0,"parent":0,"menu_order":0,"comment_status":"closed","ping_status":"closed","template":"","meta":{"_et_pb_use_builder":"on","_et_pb_old_content":"","_et_gb_content_width":"","footnotes":""},"class_list":["post-155","page","type-page","status-publish","hentry"],"_links":{"self":[{"href":"https:\/\/www.setecson.com\/en\/wp-json\/wp\/v2\/pages\/155","targetHints":{"allow":["GET"]}}],"collection":[{"href":"https:\/\/www.setecson.com\/en\/wp-json\/wp\/v2\/pages"}],"about":[{"href":"https:\/\/www.setecson.com\/en\/wp-json\/wp\/v2\/types\/page"}],"author":[{"embeddable":true,"href":"https:\/\/www.setecson.com\/en\/wp-json\/wp\/v2\/users\/1"}],"replies":[{"embeddable":true,"href":"https:\/\/www.setecson.com\/en\/wp-json\/wp\/v2\/comments?post=155"}],"version-history":[{"count":16,"href":"https:\/\/www.setecson.com\/en\/wp-json\/wp\/v2\/pages\/155\/revisions"}],"predecessor-version":[{"id":759,"href":"https:\/\/www.setecson.com\/en\/wp-json\/wp\/v2\/pages\/155\/revisions\/759"}],"wp:attachment":[{"href":"https:\/\/www.setecson.com\/en\/wp-json\/wp\/v2\/media?parent=155"}],"curies":[{"name":"wp","href":"https:\/\/api.w.org\/{rel}","templated":true}]}}