{"id":128,"date":"2020-07-16T12:59:53","date_gmt":"2020-07-16T12:59:53","guid":{"rendered":"https:\/\/www.setecson.com\/en\/?page_id=128"},"modified":"2020-07-30T14:37:11","modified_gmt":"2020-07-30T14:37:11","slug":"electroplating-galvanotechnical","status":"publish","type":"page","link":"https:\/\/www.setecson.com\/en\/electroplating-galvanotechnical\/","title":{"rendered":"Electroplating \/ Galvanotechnical"},"content":{"rendered":"<p>[et_pb_section fb_built=&#8221;1&#8243; fullwidth=&#8221;on&#8221; _builder_version=&#8221;4.4.8&#8243; _module_preset=&#8221;default&#8221; custom_margin=&#8221;15px||||false|false&#8221; bottom_divider_style=&#8221;arrow2&#8243; bottom_divider_color=&#8221;#ffffff&#8221; bottom_divider_height=&#8221;56px&#8221;][et_pb_fullwidth_header title=&#8221;Electroplating \/ Galvanotechnical&#8221; text_orientation=&#8221;center&#8221; disabled_on=&#8221;off|off|off&#8221; _builder_version=&#8221;4.5.0&#8243; _module_preset=&#8221;default&#8221; text_shadow_style=&#8221;preset2&#8243;][\/et_pb_fullwidth_header][\/et_pb_section][et_pb_section fb_built=&#8221;1&#8243; _builder_version=&#8221;4.4.8&#8243; _module_preset=&#8221;default&#8221; custom_padding=&#8221;||0px|||&#8221; collapsed=&#8221;off&#8221;][et_pb_row _builder_version=&#8221;4.4.8&#8243; _module_preset=&#8221;1b591191-139f-4993-b821-75dac868f7d3&#8243; custom_padding=&#8221;||0px|||&#8221;][et_pb_column type=&#8221;4_4&#8243; _builder_version=&#8221;4.4.8&#8243; _module_preset=&#8221;default&#8221;][et_pb_text _builder_version=&#8221;4.5.0&#8243; _module_preset=&#8221;default&#8221; locked=&#8221;off&#8221;]<\/p>\n<p>Electroplating is the process in which the surface of a metal or conductor immersed in an electrolyte is covered with a continuous and adherent metallic layer with the use of electric current, obtaining benefits such as increasing resistance to corrosion, increasing hardness superficial and give a better look to the piece.<\/p>\n<p>[\/et_pb_text][et_pb_divider _builder_version=&#8221;4.4.8&#8243; _module_preset=&#8221;default&#8221;][\/et_pb_divider][\/et_pb_column][\/et_pb_row][et_pb_row make_equal=&#8221;on&#8221; _builder_version=&#8221;4.4.9&#8243; _module_preset=&#8221;1b591191-139f-4993-b821-75dac868f7d3&#8243; custom_padding=&#8221;50px||35px|||&#8221; animation_style=&#8221;fade&#8221; collapsed=&#8221;off&#8221;][et_pb_column type=&#8221;4_4&#8243; _builder_version=&#8221;4.4.8&#8243; _module_preset=&#8221;default&#8221;][et_pb_text admin_label=&#8221;Descripcion galvanotecnia&#8221; _builder_version=&#8221;4.5.0&#8243; _module_preset=&#8221;default&#8221; text_orientation=&#8221;justified&#8221;]<\/p>\n<p>In the Electroplating sector, the pre-coating cleaning of some parts is a very important step: ULTRASONIC CLEANING prior to the parts coating is a great saving of time and labor, since it eliminates manual cleaning and long immersion times required by traditional cleaning methods.<\/p>\n<p>Quickly and effectively removes polishing pastes, grease and dirt of all kinds from metal parts, reaching all areas of difficult access. This supposes a better adhesion on the surface of an electrolytic coating and, therefore, an improvement of the appearance and of the final quality of the product.<\/p>\n<p>[\/et_pb_text][et_pb_image src=&#8221;https:\/\/www.setecson.com\/en\/wp-content\/uploads\/sites\/3\/2020\/07\/Galvanizacion01-1.jpg&#8221; align=&#8221;center&#8221; admin_label=&#8221;imagen galvanotecnia&#8221; _builder_version=&#8221;4.5.0&#8243; _module_preset=&#8221;default&#8221; width=&#8221;80%&#8221; box_shadow_style=&#8221;preset2&#8243;][\/et_pb_image][\/et_pb_column][\/et_pb_row][\/et_pb_section][et_pb_section fb_built=&#8221;1&#8243; _builder_version=&#8221;4.5.0&#8243; _module_preset=&#8221;default&#8221; background_color=&#8221;#2ab4a5&#8243; custom_padding=&#8221;0px||0px|||&#8221; animation_style=&#8221;fade&#8221; locked=&#8221;off&#8221;][et_pb_row _builder_version=&#8221;4.5.0&#8243; _module_preset=&#8221;default&#8221; collapsed=&#8221;off&#8221;][et_pb_column type=&#8221;4_4&#8243; _builder_version=&#8221;4.5.0&#8243; _module_preset=&#8221;default&#8221;][et_pb_text _builder_version=&#8221;4.5.0&#8243; _module_preset=&#8221;default&#8221; text_text_color=&#8221;#ffffff&#8221; custom_margin=&#8221;||-21px|||&#8221;]<\/p>\n<p>The main advantages of galvanized coatings can be summarized in the following points:<\/p>\n<p style=\"padding-left: 40px;\">\u2022 Exceptional duration.<br \/> \u2022 High mechanical resistance.<br \/> \u2022 Integral protection of the pieces (interior and exterior).<br \/> \u2022 Triple protection: physical barrier, electrochemical protection and self-curing.<br \/> \u2022 Absence of maintenance.<br \/> \u2022 Easy to paint.<\/p>\n<p>[\/et_pb_text][\/et_pb_column][\/et_pb_row][\/et_pb_section][et_pb_section fb_built=&#8221;1&#8243; _builder_version=&#8221;4.5.0&#8243; _module_preset=&#8221;default&#8221; custom_padding=&#8221;0px||0px|||&#8221; locked=&#8221;off&#8221;][et_pb_row make_equal=&#8221;on&#8221; _builder_version=&#8221;4.5.0&#8243; _module_preset=&#8221;default&#8221; custom_padding=&#8221;50px||35px|||&#8221; animation_style=&#8221;fade&#8221;][et_pb_column type=&#8221;4_4&#8243; _builder_version=&#8221;4.5.0&#8243; _module_preset=&#8221;default&#8221; custom_css_main_element=&#8221; display: flex;|| flex-direction: column;|| justify-content: center;&#8221;][et_pb_text _builder_version=&#8221;4.5.0&#8243; _module_preset=&#8221;default&#8221;]<\/p>\n<p style=\"text-align: justify;\"><strong>SETECSON&#8217;s<\/strong> experience in galvanizing processes is very qualitative and quantitative: this experience makes us improve performance and results, offering very good quality in the work carried out with this technology.<\/p>\n<p style=\"text-align: justify;\">A conclusion we can affirm: 100% of the Galvanized plants require the Ultrasonic degreasing process in some of the stages, and its implementation, although not 100%, is increasing.<\/p>\n<p style=\"text-align: justify;\">In short, our greatest guarantee is our experience in the world of ultrasound and we have verified that with this technology:<\/p>\n<ul>\n<li style=\"text-align: justify;\">The best finishes are achieved on all types of objects and<\/li>\n<li style=\"text-align: justify;\">The galvanizing treatment of one piece on another by means of electric current and chemicals requires a previous step of ultrasonic cleaning.<\/li>\n<\/ul>\n<p>[\/et_pb_text][et_pb_image src=&#8221;https:\/\/www.setecson.com\/wp-content\/uploads\/2020\/07\/GALVANICA-LINEA-AUTOM\u00c1TICA-ROTATIVA-2.jpg&#8221; align=&#8221;center&#8221; _builder_version=&#8221;4.5.0&#8243; _module_preset=&#8221;default&#8221; width=&#8221;80%&#8221; box_shadow_style=&#8221;preset2&#8243;][\/et_pb_image][\/et_pb_column][\/et_pb_row][et_pb_row _builder_version=&#8221;4.5.0&#8243; _module_preset=&#8221;default&#8221; animation_style=&#8221;zoom&#8221;][et_pb_column type=&#8221;4_4&#8243; _builder_version=&#8221;4.5.0&#8243; _module_preset=&#8221;default&#8221; background_color=&#8221;#2ab4a5&#8243; custom_padding=&#8221;50px|50px|50px|50px|false|false&#8221;][et_pb_text _builder_version=&#8221;4.5.0&#8243; _module_preset=&#8221;default&#8221; text_text_color=&#8221;#ffffff&#8221;]<\/p>\n<p><strong>SETECSON<\/strong> offers a wide range of modular solutions for the construction of custom galvanizing systems according to the requirements of each client. Each line is adjusted and configured according to customer needs in reference to the galvanizing process to be developed. Years of experience in this service have also served to gain the trust of the companies that request our teams in different areas.<\/p>\n<p>[\/et_pb_text][\/et_pb_column][\/et_pb_row][\/et_pb_section][et_pb_section fb_built=&#8221;1&#8243; _builder_version=&#8221;4.5.0&#8243; _module_preset=&#8221;default&#8221; collapsed=&#8221;on&#8221;][et_pb_row admin_label=&#8221;Soluciones Llave en Mano&#8221; _builder_version=&#8221;4.5.0&#8243; _module_preset=&#8221;250c813b-b2a7-4a68-90e9-05e84337b583&#8243; locked=&#8221;off&#8221; collapsed=&#8221;off&#8221;][et_pb_column type=&#8221;4_4&#8243; _builder_version=&#8221;4.4.9&#8243; _module_preset=&#8221;default&#8221;][et_pb_divider _builder_version=&#8221;4.4.8&#8243; _module_preset=&#8221;default&#8221; custom_margin=&#8221;||1px|||&#8221;][\/et_pb_divider][et_pb_text _builder_version=&#8221;4.5.0&#8243; _module_preset=&#8221;default&#8221; animation_style=&#8221;slide&#8221; scroll_horizontal_motion=&#8221;0|50|50|100|10|0|-4&#8243;]<\/p>\n<h1 style=\"text-align: center;\"><span>Turnkey solutions<\/span><\/h1>\n<p>[\/et_pb_text][\/et_pb_column][\/et_pb_row][et_pb_row column_structure=&#8221;1_4,1_4,1_4,1_4&#8243; admin_label=&#8221;Anuncios Llave en Mano&#8221; _builder_version=&#8221;4.5.0&#8243; _module_preset=&#8221;bccd9476-4cef-45a5-a080-a18e15ad01e5&#8243; locked=&#8221;off&#8221; collapsed=&#8221;on&#8221;][et_pb_column type=&#8221;1_4&#8243; _builder_version=&#8221;4.4.9&#8243; _module_preset=&#8221;default&#8221;][et_pb_blurb title=&#8221;DESIGN&#8221; use_icon=&#8221;on&#8221; font_icon=&#8221;%%103%%&#8221; icon_placement=&#8221;left&#8221; _builder_version=&#8221;4.5.0&#8243; _module_preset=&#8221;default&#8221; header_level=&#8221;h2&#8243; header_font=&#8221;|700|||||||&#8221; body_text_align=&#8221;justify&#8221; body_line_height=&#8221;1.6em&#8221; locked=&#8221;off&#8221;][\/et_pb_blurb][\/et_pb_column][et_pb_column type=&#8221;1_4&#8243; _builder_version=&#8221;4.4.9&#8243; _module_preset=&#8221;default&#8221;][et_pb_blurb title=&#8221;CONSTRUCTION&#8221; use_icon=&#8221;on&#8221; font_icon=&#8221;%%176%%&#8221; icon_placement=&#8221;left&#8221; _builder_version=&#8221;4.5.0&#8243; _module_preset=&#8221;default&#8221; header_level=&#8221;h2&#8243; header_font=&#8221;|700|||||||&#8221; body_text_align=&#8221;justify&#8221; body_line_height=&#8221;1.6em&#8221;][\/et_pb_blurb][\/et_pb_column][et_pb_column type=&#8221;1_4&#8243; _builder_version=&#8221;4.4.9&#8243; _module_preset=&#8221;default&#8221;][et_pb_blurb title=&#8221;TECHNICAL SUPPORT&#8221; use_icon=&#8221;on&#8221; font_icon=&#8221;%%173%%&#8221; icon_placement=&#8221;left&#8221; _builder_version=&#8221;4.5.0&#8243; _module_preset=&#8221;default&#8221; header_level=&#8221;h2&#8243; header_font=&#8221;|700|||||||&#8221; body_text_align=&#8221;justify&#8221; body_line_height=&#8221;1.6em&#8221; locked=&#8221;off&#8221;][\/et_pb_blurb][\/et_pb_column][et_pb_column type=&#8221;1_4&#8243; _builder_version=&#8221;4.4.9&#8243; _module_preset=&#8221;default&#8221;][et_pb_blurb title=&#8221;START-UP PROCESS&#8221; use_icon=&#8221;on&#8221; font_icon=&#8221;%%40%%&#8221; icon_placement=&#8221;left&#8221; _builder_version=&#8221;4.5.0&#8243; _module_preset=&#8221;default&#8221; header_level=&#8221;h2&#8243; header_font=&#8221;|700|||||||&#8221; body_text_align=&#8221;justify&#8221; body_line_height=&#8221;1.6em&#8221; locked=&#8221;off&#8221;][\/et_pb_blurb][\/et_pb_column][\/et_pb_row][et_pb_row _builder_version=&#8221;4.5.0&#8243; _module_preset=&#8221;1b591191-139f-4993-b821-75dac868f7d3&#8243; collapsed=&#8221;on&#8221;][et_pb_column type=&#8221;4_4&#8243; _builder_version=&#8221;4.4.9&#8243; _module_preset=&#8221;default&#8221;][et_pb_divider _builder_version=&#8221;4.4.8&#8243; _module_preset=&#8221;default&#8221; locked=&#8221;off&#8221;][\/et_pb_divider][\/et_pb_column][\/et_pb_row][et_pb_row column_structure=&#8221;1_3,1_3,1_3&#8243; make_equal=&#8221;on&#8221; _builder_version=&#8221;4.5.0&#8243; _module_preset=&#8221;1b591191-139f-4993-b821-75dac868f7d3&#8243; animation_style=&#8221;fade&#8221; collapsed=&#8221;on&#8221;][et_pb_column type=&#8221;1_3&#8243; _builder_version=&#8221;4.4.8&#8243; _module_preset=&#8221;default&#8221;][et_pb_image src=&#8221;https:\/\/www.setecson.com\/en\/wp-content\/uploads\/sites\/3\/2020\/07\/01-Linea-de-anodizado-1.jpg&#8221; admin_label=&#8221;Imagen L\u00ednea de anodizado&#8221; _builder_version=&#8221;4.5.0&#8243; _module_preset=&#8221;default&#8221; box_shadow_style=&#8221;preset2&#8243;][\/et_pb_image][et_pb_text admin_label=&#8221;L\u00ednea de anodizado&#8221; _builder_version=&#8221;4.5.0&#8243; _module_preset=&#8221;default&#8221; text_orientation=&#8221;center&#8221;]<\/p>\n<h3>Anodizing line<\/h3>\n<p>[\/et_pb_text][\/et_pb_column][et_pb_column type=&#8221;1_3&#8243; _builder_version=&#8221;4.4.8&#8243; _module_preset=&#8221;default&#8221;][et_pb_image src=&#8221;https:\/\/www.setecson.com\/en\/wp-content\/uploads\/sites\/3\/2020\/07\/02-Anodizado-de-aluminio-1.jpg&#8221; admin_label=&#8221;Imagen Anodizado de aluminio&#8221; _builder_version=&#8221;4.5.0&#8243; _module_preset=&#8221;default&#8221; box_shadow_style=&#8221;preset2&#8243; locked=&#8221;off&#8221;][\/et_pb_image][et_pb_text admin_label=&#8221;Anodizado de aluminio&#8221; _builder_version=&#8221;4.5.0&#8243; _module_preset=&#8221;default&#8221; text_orientation=&#8221;center&#8221; locked=&#8221;off&#8221;]<\/p>\n<h3>Anodised aluminium<\/h3>\n<p>[\/et_pb_text][\/et_pb_column][et_pb_column type=&#8221;1_3&#8243; _builder_version=&#8221;4.4.8&#8243; _module_preset=&#8221;default&#8221;][et_pb_image src=&#8221;https:\/\/www.setecson.com\/en\/wp-content\/uploads\/sites\/3\/2020\/07\/03-Aspiracion-de-gases-1.jpg&#8221; admin_label=&#8221;Imagen Aspiraci\u00f3n de gases&#8221; _builder_version=&#8221;4.5.0&#8243; _module_preset=&#8221;default&#8221; box_shadow_style=&#8221;preset2&#8243; locked=&#8221;off&#8221;][\/et_pb_image][et_pb_text admin_label=&#8221;Aspiraci\u00f3n de gases&#8221; _builder_version=&#8221;4.5.0&#8243; _module_preset=&#8221;default&#8221; text_orientation=&#8221;center&#8221; locked=&#8221;off&#8221;]<\/p>\n<h3>Suction of gases<\/h3>\n<p>[\/et_pb_text][\/et_pb_column][\/et_pb_row][et_pb_row column_structure=&#8221;1_3,1_3,1_3&#8243; _builder_version=&#8221;4.5.0&#8243; _module_preset=&#8221;1b591191-139f-4993-b821-75dac868f7d3&#8243; animation_style=&#8221;fade&#8221; collapsed=&#8221;on&#8221;][et_pb_column type=&#8221;1_3&#8243; _builder_version=&#8221;4.4.9&#8243; _module_preset=&#8221;default&#8221;][et_pb_image src=&#8221;https:\/\/www.setecson.com\/en\/wp-content\/uploads\/sites\/3\/2020\/07\/05-Electropulido-1.jpg&#8221; admin_label=&#8221;Imagen Electro-pulido&#8221; _builder_version=&#8221;4.5.0&#8243; _module_preset=&#8221;default&#8221; box_shadow_style=&#8221;preset2&#8243;][\/et_pb_image][et_pb_text admin_label=&#8221;Electro-pulido&#8221; _builder_version=&#8221;4.5.0&#8243; _module_preset=&#8221;default&#8221; text_orientation=&#8221;center&#8221; locked=&#8221;off&#8221;]<\/p>\n<h3>Electro-polished<\/h3>\n<p>[\/et_pb_text][\/et_pb_column][et_pb_column type=&#8221;1_3&#8243; _builder_version=&#8221;4.4.9&#8243; _module_preset=&#8221;default&#8221;][et_pb_image src=&#8221;https:\/\/www.setecson.com\/en\/wp-content\/uploads\/sites\/3\/2020\/07\/06-Linea-con-aspiracion-1-1.jpg&#8221; admin_label=&#8221;Imagen L\u00ednea autom\u00e1tica con aspiraci\u00f3n&#8221; _builder_version=&#8221;4.5.0&#8243; _module_preset=&#8221;default&#8221; box_shadow_style=&#8221;preset2&#8243;][\/et_pb_image][et_pb_text admin_label=&#8221;L\u00ednea autom\u00e1tica con aspiraci\u00f3n&#8221; _builder_version=&#8221;4.5.0&#8243; _module_preset=&#8221;default&#8221; text_orientation=&#8221;center&#8221; locked=&#8221;off&#8221;]<\/p>\n<h3>Automatic line with suction<\/h3>\n<p>[\/et_pb_text][\/et_pb_column][et_pb_column type=&#8221;1_3&#8243; _builder_version=&#8221;4.4.9&#8243; _module_preset=&#8221;default&#8221;][et_pb_image src=&#8221;https:\/\/www.setecson.com\/en\/wp-content\/uploads\/sites\/3\/2020\/07\/07-Linea-Automatica-1.jpg&#8221; admin_label=&#8221;Imagen L\u00ednea autom\u00e1tica&#8221; _builder_version=&#8221;4.5.0&#8243; _module_preset=&#8221;default&#8221; box_shadow_style=&#8221;preset2&#8243; locked=&#8221;off&#8221;][\/et_pb_image][et_pb_text admin_label=&#8221;L\u00ednea autom\u00e1tica&#8221; _builder_version=&#8221;4.5.0&#8243; _module_preset=&#8221;default&#8221; text_orientation=&#8221;center&#8221; locked=&#8221;off&#8221;]<\/p>\n<h3>Automatic line<\/h3>\n<p>[\/et_pb_text][\/et_pb_column][\/et_pb_row][et_pb_row column_structure=&#8221;1_3,1_3,1_3&#8243; make_equal=&#8221;on&#8221; _builder_version=&#8221;4.5.0&#8243; _module_preset=&#8221;1b591191-139f-4993-b821-75dac868f7d3&#8243; animation_style=&#8221;fade&#8221; collapsed=&#8221;on&#8221;][et_pb_column type=&#8221;1_3&#8243; _builder_version=&#8221;4.4.9&#8243; _module_preset=&#8221;default&#8221;][et_pb_image src=&#8221;https:\/\/www.setecson.com\/en\/wp-content\/uploads\/sites\/3\/2020\/07\/GALVANICA-LINEA-SEMI-AUTOM\u00c1TICA-1.jpg&#8221; admin_label=&#8221;Imagen generador 2000 v&#8221; _builder_version=&#8221;4.5.0&#8243; _module_preset=&#8221;default&#8221; box_shadow_style=&#8221;preset2&#8243; locked=&#8221;off&#8221;][\/et_pb_image][et_pb_text admin_label=&#8221;L\u00ednea semi autom\u00e1tica&#8221; _builder_version=&#8221;4.5.0&#8243; _module_preset=&#8221;default&#8221; text_orientation=&#8221;center&#8221; locked=&#8221;off&#8221;]<\/p>\n<h3>Semi-automatic line<\/h3>\n<p>[\/et_pb_text][\/et_pb_column][et_pb_column type=&#8221;1_3&#8243; _builder_version=&#8221;4.4.9&#8243; _module_preset=&#8221;default&#8221;][et_pb_image src=&#8221;https:\/\/www.setecson.com\/en\/wp-content\/uploads\/sites\/3\/2020\/07\/20200522_083240-LINEA-AUTOM\u00c1TICA-COMPLETA.jpg&#8221; admin_label=&#8221;Imagen generador 2000 v&#8221; _builder_version=&#8221;4.5.0&#8243; _module_preset=&#8221;default&#8221; box_shadow_style=&#8221;preset2&#8243; locked=&#8221;off&#8221;][\/et_pb_image][et_pb_text admin_label=&#8221;L\u00ednea autom\u00e1tica electroles&#8221; _builder_version=&#8221;4.5.0&#8243; _module_preset=&#8221;default&#8221; text_orientation=&#8221;center&#8221; locked=&#8221;off&#8221;]<\/p>\n<h3>Complete automatic line<\/h3>\n<p>[\/et_pb_text][\/et_pb_column][et_pb_column type=&#8221;1_3&#8243; _builder_version=&#8221;4.4.9&#8243; _module_preset=&#8221;default&#8221;][et_pb_image src=&#8221;https:\/\/www.setecson.com\/en\/wp-content\/uploads\/sites\/3\/2020\/07\/GALVANICA-LINEA-AUTOM\u00c1TICA-ROTATIVA-2.jpg&#8221; admin_label=&#8221;Imagen generador 2000 v&#8221; _builder_version=&#8221;4.5.0&#8243; _module_preset=&#8221;default&#8221; box_shadow_style=&#8221;preset2&#8243; locked=&#8221;off&#8221;][\/et_pb_image][et_pb_text admin_label=&#8221;L\u00ednea autom\u00e1tica rotativa&#8221; _builder_version=&#8221;4.5.0&#8243; _module_preset=&#8221;default&#8221; text_orientation=&#8221;center&#8221; locked=&#8221;off&#8221;]<\/p>\n<h3>Automatic rotary line<\/h3>\n<p>[\/et_pb_text][\/et_pb_column][\/et_pb_row][et_pb_row column_structure=&#8221;1_3,1_3,1_3&#8243; make_equal=&#8221;on&#8221; _builder_version=&#8221;4.5.0&#8243; _module_preset=&#8221;1b591191-139f-4993-b821-75dac868f7d3&#8243; animation_style=&#8221;fade&#8221; collapsed=&#8221;on&#8221;][et_pb_column type=&#8221;1_3&#8243; _builder_version=&#8221;4.4.9&#8243; _module_preset=&#8221;default&#8221;][et_pb_image src=&#8221;https:\/\/www.setecson.com\/en\/wp-content\/uploads\/sites\/3\/2020\/07\/Serpentines-de-calentamiento.jpg&#8221; admin_label=&#8221;Imagen SERPENTINES DE CALENTAMIENTO POR AGUA SOBRECALENTADA O VAPOR&#8221; _builder_version=&#8221;4.5.0&#8243; _module_preset=&#8221;default&#8221; box_shadow_style=&#8221;preset2&#8243; locked=&#8221;off&#8221;][\/et_pb_image][et_pb_text admin_label=&#8221;Serpentines de calentamiento por agua sobrecalentada o vapor&#8221; _builder_version=&#8221;4.5.0&#8243; _module_preset=&#8221;default&#8221; text_orientation=&#8221;center&#8221; locked=&#8221;off&#8221;]<\/p>\n<h3>Heating coils by overheated water or steam<\/h3>\n<p>[\/et_pb_text][\/et_pb_column][et_pb_column type=&#8221;1_3&#8243; _builder_version=&#8221;4.4.9&#8243; _module_preset=&#8221;default&#8221;][et_pb_image src=&#8221;https:\/\/www.setecson.com\/en\/wp-content\/uploads\/sites\/3\/2020\/07\/L\u00ednea-de-32-kw-de-ultrasonidos-con-sistema-de-calefacci\u00f3n-por-vapor.jpg&#8221; admin_label=&#8221;L\u00ednea de 32 kw de ultrasonidos con sistema de calefacci\u00f3n por vapor&#8221; _builder_version=&#8221;4.5.0&#8243; _module_preset=&#8221;default&#8221; box_shadow_style=&#8221;preset2&#8243; locked=&#8221;off&#8221;][\/et_pb_image][et_pb_text admin_label=&#8221;L\u00ednea de 32 kw de ultrasonidos con sistema de calefacci\u00f3n por vapor&#8221; _builder_version=&#8221;4.5.0&#8243; _module_preset=&#8221;default&#8221; text_orientation=&#8221;center&#8221; locked=&#8221;off&#8221;]<\/p>\n<h3>32 kW line of ultrasounds with heating system by steam<\/h3>\n<p>[\/et_pb_text][\/et_pb_column][et_pb_column type=&#8221;1_3&#8243; _builder_version=&#8221;4.4.9&#8243; _module_preset=&#8221;default&#8221;][et_pb_image src=&#8221;https:\/\/www.setecson.com\/en\/wp-content\/uploads\/sites\/3\/2020\/07\/TANQUE-DE-32KW-VISTA-DE-1-LATERAL.jpg&#8221; admin_label=&#8221;TANQUE DE 32KW (VISTA DE 1 LATERAL)&#8221; _builder_version=&#8221;4.5.0&#8243; _module_preset=&#8221;default&#8221; box_shadow_style=&#8221;preset2&#8243; locked=&#8221;off&#8221;][\/et_pb_image][et_pb_text admin_label=&#8221;Tanque de 32kw (vista de 1 lateral)&#8221; _builder_version=&#8221;4.5.0&#8243; _module_preset=&#8221;default&#8221; text_orientation=&#8221;center&#8221; locked=&#8221;off&#8221;]<\/p>\n<h3>32 kW tank (1 side view)<\/h3>\n<p>[\/et_pb_text][\/et_pb_column][\/et_pb_row][\/et_pb_section][et_pb_section fb_built=&#8221;1&#8243; admin_label=&#8221;Contacto&#8221; _builder_version=&#8221;4.5.0&#8243; _module_preset=&#8221;default&#8221; custom_padding=&#8221;0px|||||&#8221; collapsed=&#8221;off&#8221;][et_pb_row _builder_version=&#8221;4.5.0&#8243; _module_preset=&#8221;6aa721da-f09a-4ed2-a2e8-819112f36b37&#8243;][et_pb_column type=&#8221;4_4&#8243; _builder_version=&#8221;4.5.0&#8243; _module_preset=&#8221;default&#8221;][et_pb_divider _builder_version=&#8221;4.4.8&#8243; _module_preset=&#8221;default&#8221; custom_padding=&#8221;||0px|||&#8221;][\/et_pb_divider][et_pb_cta title=&#8221;Contact us&#8221; button_url=&#8221;https:\/\/www.setecson.com\/en\/contact\/&#8221; button_text=&#8221;Form&#8221; admin_label=&#8221;Contacto&#8221; _builder_version=&#8221;4.5.0&#8243; _module_preset=&#8221;9165ef0f-9393-4658-a824-5e9fb355e164&#8243;]<\/p>\n<h3 style=\"text-align: center;\">For further information<\/h3>\n<p>[\/et_pb_cta][\/et_pb_column][\/et_pb_row][\/et_pb_section]<\/p>\n","protected":false},"excerpt":{"rendered":"<p>[et_pb_section fb_built=&#8221;1&#8243; fullwidth=&#8221;on&#8221; _builder_version=&#8221;4.4.8&#8243; _module_preset=&#8221;default&#8221; custom_margin=&#8221;15px||||false|false&#8221; bottom_divider_style=&#8221;arrow2&#8243; bottom_divider_color=&#8221;#ffffff&#8221; bottom_divider_height=&#8221;56px&#8221;][et_pb_fullwidth_header title=&#8221;Electroplating \/ Galvanotechnical&#8221; text_orientation=&#8221;center&#8221; disabled_on=&#8221;off|off|off&#8221; _builder_version=&#8221;4.5.0&#8243; _module_preset=&#8221;default&#8221; text_shadow_style=&#8221;preset2&#8243;][\/et_pb_fullwidth_header][\/et_pb_section][et_pb_section fb_built=&#8221;1&#8243; _builder_version=&#8221;4.4.8&#8243; _module_preset=&#8221;default&#8221; custom_padding=&#8221;||0px|||&#8221; collapsed=&#8221;off&#8221;][et_pb_row _builder_version=&#8221;4.4.8&#8243; _module_preset=&#8221;1b591191-139f-4993-b821-75dac868f7d3&#8243; custom_padding=&#8221;||0px|||&#8221;][et_pb_column type=&#8221;4_4&#8243; _builder_version=&#8221;4.4.8&#8243; _module_preset=&#8221;default&#8221;][et_pb_text _builder_version=&#8221;4.5.0&#8243; _module_preset=&#8221;default&#8221; locked=&#8221;off&#8221;] Electroplating is the process in which the surface of a metal or conductor immersed in an electrolyte is covered with a continuous and adherent [&hellip;]<\/p>\n","protected":false},"author":1,"featured_media":0,"parent":0,"menu_order":0,"comment_status":"closed","ping_status":"closed","template":"","meta":{"_et_pb_use_builder":"on","_et_pb_old_content":"","_et_gb_content_width":"","footnotes":""},"class_list":["post-128","page","type-page","status-publish","hentry"],"_links":{"self":[{"href":"https:\/\/www.setecson.com\/en\/wp-json\/wp\/v2\/pages\/128","targetHints":{"allow":["GET"]}}],"collection":[{"href":"https:\/\/www.setecson.com\/en\/wp-json\/wp\/v2\/pages"}],"about":[{"href":"https:\/\/www.setecson.com\/en\/wp-json\/wp\/v2\/types\/page"}],"author":[{"embeddable":true,"href":"https:\/\/www.setecson.com\/en\/wp-json\/wp\/v2\/users\/1"}],"replies":[{"embeddable":true,"href":"https:\/\/www.setecson.com\/en\/wp-json\/wp\/v2\/comments?post=128"}],"version-history":[{"count":24,"href":"https:\/\/www.setecson.com\/en\/wp-json\/wp\/v2\/pages\/128\/revisions"}],"predecessor-version":[{"id":763,"href":"https:\/\/www.setecson.com\/en\/wp-json\/wp\/v2\/pages\/128\/revisions\/763"}],"wp:attachment":[{"href":"https:\/\/www.setecson.com\/en\/wp-json\/wp\/v2\/media?parent=128"}],"curies":[{"name":"wp","href":"https:\/\/api.w.org\/{rel}","templated":true}]}}